{"id":9052,"date":"2023-05-01T12:37:20","date_gmt":"2023-05-01T10:37:20","guid":{"rendered":"https:\/\/eurafrican-alliance.de\/?page_id=9052"},"modified":"2025-10-25T12:44:43","modified_gmt":"2025-10-25T10:44:43","slug":"sewing-initiative","status":"publish","type":"page","link":"https:\/\/eurafrican-alliance.de\/en\/sewing-initiative","title":{"rendered":"Sewing Initiative"},"content":{"rendered":"\t\t<div data-elementor-type=\"wp-page\" data-elementor-id=\"9052\" class=\"elementor elementor-9052\">\n\t\t\t\t\t\t<section class=\"elementor-section elementor-top-section elementor-element elementor-element-10635972 elementor-section-boxed elementor-section-height-default elementor-section-height-default\" data-id=\"10635972\" data-element_type=\"section\" data-e-type=\"section\">\n\t\t\t\t\t\t<div class=\"elementor-container elementor-column-gap-default\">\n\t\t\t\t\t<div class=\"elementor-column elementor-col-100 elementor-top-column elementor-element elementor-element-64822446\" data-id=\"64822446\" data-element_type=\"column\" data-e-type=\"column\">\n\t\t\t<div class=\"elementor-widget-wrap elementor-element-populated\">\n\t\t\t\t\t\t<div class=\"elementor-element elementor-element-298f811 elementor-widget elementor-widget-heading\" data-id=\"298f811\" data-element_type=\"widget\" data-e-type=\"widget\" data-widget_type=\"heading.default\">\n\t\t\t\t<div class=\"elementor-widget-container\">\n\t\t\t\t\t<h2 class=\"elementor-heading-title elementor-size-default\">Sewing Initiative (Item, Nigeria)<\/h2>\t\t\t\t<\/div>\n\t\t\t\t<\/div>\n\t\t\t\t<div class=\"elementor-element elementor-element-c755f95 elementor-widget elementor-widget-text-editor\" data-id=\"c755f95\" data-element_type=\"widget\" data-e-type=\"widget\" data-widget_type=\"text-editor.default\">\n\t\t\t\t<div class=\"elementor-widget-container\">\n\t\t\t\t\t\t\t\t\t<p><span style=\"font-weight: 400;\">Eurafrican-Alliance f\u00f6rdert gemeinn\u00fctzige Projekte in Afrika. Wir suchen insbesondere nachhaltige Projekte, die in Gemeinden langfristig Arbeitspl\u00e4tze schaffen. Diese Mission verfolgen wir mit dem Sewing Initiative in Nigeria.<\/span><\/p><p><span style=\"font-weight: 400;\">Projekt: Auftragsn\u00e4herei mit integrierter N\u00e4hschule und Wohngemeinschaft<\/span><\/p><p>Projektbeginn: M\u00e4rz 2027<\/p>\t\t\t\t\t\t\t\t<\/div>\n\t\t\t\t<\/div>\n\t\t\t\t<section class=\"elementor-section elementor-inner-section elementor-element elementor-element-c06a360 elementor-hidden-tablet elementor-hidden-mobile elementor-section-boxed elementor-section-height-default elementor-section-height-default\" data-id=\"c06a360\" data-element_type=\"section\" data-e-type=\"section\">\n\t\t\t\t\t\t<div class=\"elementor-container elementor-column-gap-default\">\n\t\t\t\t\t<div class=\"elementor-column elementor-col-50 elementor-inner-column elementor-element elementor-element-6b8d893\" data-id=\"6b8d893\" data-element_type=\"column\" data-e-type=\"column\">\n\t\t\t<div class=\"elementor-widget-wrap elementor-element-populated\">\n\t\t\t\t\t\t<div class=\"elementor-element elementor-element-7fddc57 elementor-widget__width-initial elementor-widget elementor-widget-text-editor\" data-id=\"7fddc57\" data-element_type=\"widget\" data-e-type=\"widget\" data-widget_type=\"text-editor.default\">\n\t\t\t\t<div class=\"elementor-widget-container\">\n\t\t\t\t\t\t\t\t\t<p><span style=\"font-weight: 400;\">Hintergrund:\u00a0<br \/><\/span><span style=\"font-weight: 400;\">Die Jugendarbeitslosenquote lag im Jahr 2022 bei 53.40%, Tendenz steigend. Mit unserem Projekt wollen wir Arbeitspl\u00e4tze schaffen. Wir sind davon \u00fcberzeugt, dass soziales Unternehmertum zu nachhaltigem wirtschaftlichem Wachstum f\u00fchrt.\u00a0<br \/><\/span><span style=\"font-weight: 400;\">Deshalb starten wir unser N\u00e4h-Projekt, das auf drei S\u00e4ulen aufgebaut wird. Das Fundament und die erste S\u00e4ule bildet eine nachhaltige Produktion &#8211; die Auftragsn\u00e4herei. Nigeria bietet mit \u00fcber 200 Millionen Menschen (davon sind 70% unter 30 Jahre alt) einen unges\u00e4ttigten Markt f\u00fcr Alltagskleidung. Unsere Markt- und Rentabilit\u00e4tsanalyse zeigt einen hohen Bedarf an Boxershorts, die zur Zeit aus Indien und China importiert werden. F\u00fcr das Projekt werden wir uns auf die Serienfertigung von Boxershorts konzentrieren.<\/span><\/p>\t\t\t\t\t\t\t\t<\/div>\n\t\t\t\t<\/div>\n\t\t\t\t\t<\/div>\n\t\t<\/div>\n\t\t\t\t<div class=\"elementor-column elementor-col-50 elementor-inner-column elementor-element elementor-element-f893d3b\" data-id=\"f893d3b\" data-element_type=\"column\" data-e-type=\"column\">\n\t\t\t<div class=\"elementor-widget-wrap elementor-element-populated\">\n\t\t\t\t\t\t<div class=\"elementor-element elementor-element-22fb782 elementor-widget elementor-widget-spacer\" data-id=\"22fb782\" data-element_type=\"widget\" data-e-type=\"widget\" data-widget_type=\"spacer.default\">\n\t\t\t\t<div class=\"elementor-widget-container\">\n\t\t\t\t\t\t\t<div class=\"elementor-spacer\">\n\t\t\t<div class=\"elementor-spacer-inner\"><\/div>\n\t\t<\/div>\n\t\t\t\t\t\t<\/div>\n\t\t\t\t<\/div>\n\t\t\t\t<div class=\"elementor-element elementor-element-b158295 elementor-widget elementor-widget-image\" data-id=\"b158295\" data-element_type=\"widget\" data-e-type=\"widget\" data-widget_type=\"image.default\">\n\t\t\t\t<div class=\"elementor-widget-container\">\n\t\t\t\t\t\t\t\t\t\t\t\t\t\t\t<img fetchpriority=\"high\" decoding=\"async\" width=\"480\" height=\"393\" src=\"https:\/\/eurafrican-alliance.de\/wp-content\/uploads\/2023\/06\/Sewing_480x480green.png\" class=\"attachment-large size-large wp-image-10249\" alt=\"\" srcset=\"https:\/\/eurafrican-alliance.de\/wp-content\/uploads\/2023\/06\/Sewing_480x480green.png 480w, https:\/\/eurafrican-alliance.de\/wp-content\/uploads\/2023\/06\/Sewing_480x480green-300x246.png 300w, https:\/\/eurafrican-alliance.de\/wp-content\/uploads\/2023\/06\/Sewing_480x480green-15x12.png 15w\" sizes=\"(max-width: 480px) 100vw, 480px\" \/>\t\t\t\t\t\t\t\t\t\t\t\t\t\t\t<\/div>\n\t\t\t\t<\/div>\n\t\t\t\t\t<\/div>\n\t\t<\/div>\n\t\t\t\t\t<\/div>\n\t\t<\/section>\n\t\t\t\t<section class=\"elementor-section elementor-inner-section elementor-element elementor-element-c84d06b elementor-hidden-desktop elementor-section-boxed elementor-section-height-default elementor-section-height-default\" data-id=\"c84d06b\" data-element_type=\"section\" data-e-type=\"section\">\n\t\t\t\t\t\t<div class=\"elementor-container elementor-column-gap-default\">\n\t\t\t\t\t<div class=\"elementor-column elementor-col-50 elementor-inner-column elementor-element elementor-element-56ba90e\" data-id=\"56ba90e\" data-element_type=\"column\" data-e-type=\"column\">\n\t\t\t<div class=\"elementor-widget-wrap elementor-element-populated\">\n\t\t\t\t\t\t<div class=\"elementor-element elementor-element-4e79a5a elementor-widget__width-initial elementor-widget elementor-widget-text-editor\" data-id=\"4e79a5a\" data-element_type=\"widget\" data-e-type=\"widget\" data-widget_type=\"text-editor.default\">\n\t\t\t\t<div class=\"elementor-widget-container\">\n\t\t\t\t\t\t\t\t\t<p><span style=\"font-weight: 400;\">Hintergrund:\u00a0<br \/><\/span><span style=\"font-weight: 400;\">Die Jugendarbeitslosenquote lag im Jahr 2022 bei 53.40%, Tendenz steigend. Mit unserem Projekt wollen wir Arbeitspl\u00e4tze schaffen. Wir sind davon \u00fcberzeugt, dass soziales Unternehmertum zu nachhaltigem wirtschaftlichem Wachstum f\u00fchrt.\u00a0<br \/><\/span><span style=\"font-weight: 400;\">Deshalb starten wir unser N\u00e4h-Projekt, das auf drei S\u00e4ulen aufgebaut wird. Das Fundament und die erste S\u00e4ule bildet eine nachhaltige Produktion &#8211; die Auftragsn\u00e4herei. Nigeria bietet mit \u00fcber 200 Millionen Menschen (davon sind 70% unter 30 Jahre alt) einen unges\u00e4ttigten Markt f\u00fcr Alltagskleidung.\u00a0<\/span><\/p>\t\t\t\t\t\t\t\t<\/div>\n\t\t\t\t<\/div>\n\t\t\t\t\t<\/div>\n\t\t<\/div>\n\t\t\t\t<div class=\"elementor-column elementor-col-50 elementor-inner-column elementor-element elementor-element-11df221\" data-id=\"11df221\" data-element_type=\"column\" data-e-type=\"column\">\n\t\t\t<div class=\"elementor-widget-wrap elementor-element-populated\">\n\t\t\t\t\t\t<div class=\"elementor-element elementor-element-6ee29ab elementor-widget elementor-widget-image\" data-id=\"6ee29ab\" data-element_type=\"widget\" data-e-type=\"widget\" data-widget_type=\"image.default\">\n\t\t\t\t<div class=\"elementor-widget-container\">\n\t\t\t\t\t\t\t\t\t\t\t\t\t\t\t<img decoding=\"async\" width=\"480\" height=\"393\" src=\"https:\/\/eurafrican-alliance.de\/wp-content\/uploads\/2023\/05\/Sewing_480x480.png\" class=\"attachment-large size-large wp-image-9114\" alt=\"\" srcset=\"https:\/\/eurafrican-alliance.de\/wp-content\/uploads\/2023\/05\/Sewing_480x480.png 480w, https:\/\/eurafrican-alliance.de\/wp-content\/uploads\/2023\/05\/Sewing_480x480-300x246.png 300w, https:\/\/eurafrican-alliance.de\/wp-content\/uploads\/2023\/05\/Sewing_480x480-15x12.png 15w\" sizes=\"(max-width: 480px) 100vw, 480px\" \/>\t\t\t\t\t\t\t\t\t\t\t\t\t\t\t<\/div>\n\t\t\t\t<\/div>\n\t\t\t\t<div class=\"elementor-element elementor-element-ad424b3 elementor-widget elementor-widget-text-editor\" data-id=\"ad424b3\" data-element_type=\"widget\" data-e-type=\"widget\" data-widget_type=\"text-editor.default\">\n\t\t\t\t<div class=\"elementor-widget-container\">\n\t\t\t\t\t\t\t\t\t<p><span style=\"font-weight: 400;\">Unsere Markt- und Rentabilit\u00e4tsanalyse zeigt einen hohen Bedarf an Boxershorts, die zur Zeit aus Indien und China importiert werden. F\u00fcr das Projekt werden wir uns auf die Serienfertigung von Boxershorts konzentrieren.<\/span><\/p>\t\t\t\t\t\t\t\t<\/div>\n\t\t\t\t<\/div>\n\t\t\t\t\t<\/div>\n\t\t<\/div>\n\t\t\t\t\t<\/div>\n\t\t<\/section>\n\t\t\t\t<div class=\"elementor-element elementor-element-f160028 elementor-widget__width-initial elementor-widget elementor-widget-text-editor\" data-id=\"f160028\" data-element_type=\"widget\" data-e-type=\"widget\" data-widget_type=\"text-editor.default\">\n\t\t\t\t<div class=\"elementor-widget-container\">\n\t\t\t\t\t\t\t\t\t<p><span style=\"font-weight: 400;\">Ziel:\u00a0<br \/><\/span><span style=\"font-weight: 400;\">Wir planen jungen Menschen Vorort arbeitsmarktpolitische Angebote in der Wertsch\u00f6pfungskette Textilien anzubieten. Die N\u00e4hschule im Zusammenhang mit der Produktion bietet als zweite S\u00e4ule nicht nur die M\u00f6glichkeit, einen Beruf zu erlernen, sondern auch einen festen Arbeitsplatz. Wir gehen davon aus, dass diese L\u00f6sung die Kaufkraft der Einwohner erh\u00f6ht und dadurch die Gemeinde wirtschaftlich wachsen wird. Zus\u00e4tzlich wird es die Armut in der Gemeinde reduzieren.\u00a0<\/span><\/p><p><span style=\"font-weight: 400;\">Unsere Recherchen haben ergeben, dass Unterk\u00fcnfte einer der H\u00fcrden sind, die den Erfolg eines Projekts in jenen Gemeinden verhindern kann. Den meisten Jugendlichen fehlt es an g\u00fcnstigen \u00dcbernachtungs- und Transportangeboten. Deshalb werden wir als dritte und letzte S\u00e4ule eine kosteng\u00fcnstige Wohngemeinschaft anbieten.\u00a0<\/span><\/p>\t\t\t\t\t\t\t\t<\/div>\n\t\t\t\t<\/div>\n\t\t\t\t<section class=\"elementor-section elementor-inner-section elementor-element elementor-element-27e61db elementor-section-boxed elementor-section-height-default elementor-section-height-default\" data-id=\"27e61db\" data-element_type=\"section\" data-e-type=\"section\">\n\t\t\t\t\t\t<div class=\"elementor-container elementor-column-gap-default\">\n\t\t\t\t\t<div class=\"elementor-column elementor-col-50 elementor-inner-column elementor-element elementor-element-1e57950\" data-id=\"1e57950\" data-element_type=\"column\" data-e-type=\"column\">\n\t\t\t<div class=\"elementor-widget-wrap elementor-element-populated\">\n\t\t\t\t\t\t<div class=\"elementor-element elementor-element-a6d6974 elementor-widget elementor-widget-text-editor\" data-id=\"a6d6974\" data-element_type=\"widget\" data-e-type=\"widget\" data-widget_type=\"text-editor.default\">\n\t\t\t\t<div class=\"elementor-widget-container\">\n\t\t\t\t\t\t\t\t\t<p><span style=\"font-weight: 400;\">Besonderheit:\u00a0<br \/><\/span><span style=\"font-weight: 400;\">Wir wollen mit dem Projekt ein Industriezweig in kleinen lokalen Gemeinden schaffen, um sie in die Wirtschaft zu integrieren. Jegliche Stoffe der Produktion werden ausschlie\u00dflich aus Nigeria bezogen. <\/span><\/p><p><span style=\"font-weight: 400;\">Ein erheblicher Teil des Betriebs wird per Solarenergie gestemmt. Au\u00dferdem werden wir der lokalen Gemeinde kostenlose Ladestationen f\u00fcr Mobiltelefone und andere Haushaltsger\u00e4te bereitstellen.\u00a0<\/span><\/p>\t\t\t\t\t\t\t\t<\/div>\n\t\t\t\t<\/div>\n\t\t\t\t\t<\/div>\n\t\t<\/div>\n\t\t\t\t<div class=\"elementor-column elementor-col-50 elementor-inner-column elementor-element elementor-element-6e9405d\" data-id=\"6e9405d\" data-element_type=\"column\" data-e-type=\"column\">\n\t\t\t<div class=\"elementor-widget-wrap elementor-element-populated\">\n\t\t\t\t\t\t<div class=\"elementor-element elementor-element-03fa2eb elementor-widget elementor-widget-image\" data-id=\"03fa2eb\" data-element_type=\"widget\" data-e-type=\"widget\" data-widget_type=\"image.default\">\n\t\t\t\t<div class=\"elementor-widget-container\">\n\t\t\t\t\t\t\t\t\t\t\t\t\t\t\t<img decoding=\"async\" width=\"1024\" height=\"768\" src=\"https:\/\/eurafrican-alliance.de\/wp-content\/uploads\/2023\/05\/Solar-Energy-Africa-1.jpg\" class=\"attachment-large size-large wp-image-9726\" alt=\"\" srcset=\"https:\/\/eurafrican-alliance.de\/wp-content\/uploads\/2023\/05\/Solar-Energy-Africa-1.jpg 1024w, https:\/\/eurafrican-alliance.de\/wp-content\/uploads\/2023\/05\/Solar-Energy-Africa-1-300x225.jpg 300w, https:\/\/eurafrican-alliance.de\/wp-content\/uploads\/2023\/05\/Solar-Energy-Africa-1-768x576.jpg 768w, https:\/\/eurafrican-alliance.de\/wp-content\/uploads\/2023\/05\/Solar-Energy-Africa-1-16x12.jpg 16w\" sizes=\"(max-width: 1024px) 100vw, 1024px\" \/>\t\t\t\t\t\t\t\t\t\t\t\t\t\t\t<\/div>\n\t\t\t\t<\/div>\n\t\t\t\t\t<\/div>\n\t\t<\/div>\n\t\t\t\t\t<\/div>\n\t\t<\/section>\n\t\t\t\t<div class=\"elementor-element elementor-element-7b2e10f elementor-widget elementor-widget-spacer\" data-id=\"7b2e10f\" data-element_type=\"widget\" data-e-type=\"widget\" data-widget_type=\"spacer.default\">\n\t\t\t\t<div class=\"elementor-widget-container\">\n\t\t\t\t\t\t\t<div class=\"elementor-spacer\">\n\t\t\t<div class=\"elementor-spacer-inner\"><\/div>\n\t\t<\/div>\n\t\t\t\t\t\t<\/div>\n\t\t\t\t<\/div>\n\t\t\t\t\t<\/div>\n\t\t<\/div>\n\t\t\t\t\t<\/div>\n\t\t<\/section>\n\t\t\t\t<section class=\"elementor-section elementor-top-section elementor-element elementor-element-a999594 elementor-section-boxed elementor-section-height-default elementor-section-height-default\" data-id=\"a999594\" data-element_type=\"section\" data-e-type=\"section\">\n\t\t\t\t\t\t<div class=\"elementor-container elementor-column-gap-default\">\n\t\t\t\t\t<div class=\"elementor-column elementor-col-100 elementor-top-column elementor-element elementor-element-a8daafa\" data-id=\"a8daafa\" data-element_type=\"column\" data-e-type=\"column\">\n\t\t\t<div class=\"elementor-widget-wrap elementor-element-populated\">\n\t\t\t\t\t\t<div class=\"elementor-element elementor-element-99b50d2 elementor-widget elementor-widget-text-editor\" data-id=\"99b50d2\" data-element_type=\"widget\" data-e-type=\"widget\" data-widget_type=\"text-editor.default\">\n\t\t\t\t<div class=\"elementor-widget-container\">\n\t\t\t\t\t\t\t\t\t<p><span style=\"font-weight: 400;\">Gerne senden wir Ihnen unseren detaillierten Projektplan zu. <\/span><span style=\"font-weight: 400;\">Bitte f\u00fcllen Sie das Formular unten aus.<\/span><\/p>\t\t\t\t\t\t\t\t<\/div>\n\t\t\t\t<\/div>\n\t\t\t\t<div class=\"elementor-element elementor-element-6f6fddf elementor-widget elementor-widget-shortcode\" data-id=\"6f6fddf\" data-element_type=\"widget\" data-e-type=\"widget\" data-widget_type=\"shortcode.default\">\n\t\t\t\t<div class=\"elementor-widget-container\">\n\t\t\t\t\t\t\t<div class=\"elementor-shortcode\"><div class=\"wpforms-container \" id=\"wpforms-9074\"><form id=\"wpforms-form-9074\" class=\"wpforms-validate wpforms-form\" data-formid=\"9074\" method=\"post\" enctype=\"multipart\/form-data\" action=\"\/en\/wp-json\/wp\/v2\/pages\/9052\" data-token=\"2a9dcd1101dc0b750554a78cfe516eaa\" data-token-time=\"1778076934\"><noscript class=\"wpforms-error-noscript\">Please enable JavaScript in your browser to complete this form.<\/noscript><div class=\"wpforms-field-container\"><div id=\"wpforms-9074-field_10-container\" class=\"wpforms-field wpforms-field-select wpforms-field-select-style-classic\" data-field-id=\"10\"><label class=\"wpforms-field-label\" for=\"wpforms-9074-field_10\">Anrede <span class=\"wpforms-required-label\">*<\/span><\/label><select id=\"wpforms-9074-field_10\" class=\"wpforms-field-medium wpforms-field-required\" name=\"wpforms[fields][10]\" required=\"required\"><option value=\"Herr\"  class=\"choice-1 depth-1\"  >Herr<\/option><option value=\"Frau\"  class=\"choice-2 depth-1\"  >Frau<\/option><\/select><\/div><div id=\"wpforms-9074-field_1-container\" class=\"wpforms-field wpforms-field-name\" data-field-id=\"1\"><label class=\"wpforms-field-label\" for=\"wpforms-9074-field_1\">Name <span class=\"wpforms-required-label\">*<\/span><\/label><div class=\"wpforms-field-row wpforms-field-large\"><div class=\"wpforms-field-row-block wpforms-first wpforms-one-half\"><input type=\"text\" id=\"wpforms-9074-field_1\" class=\"wpforms-field-name-first wpforms-field-required\" name=\"wpforms[fields][1][first]\" placeholder=\"Vorname\" required><label for=\"wpforms-9074-field_1\" class=\"wpforms-field-sublabel after wpforms-sublabel-hide\">First<\/label><\/div><div class=\"wpforms-field-row-block wpforms-one-half\"><input type=\"text\" id=\"wpforms-9074-field_1-last\" class=\"wpforms-field-name-last wpforms-field-required\" name=\"wpforms[fields][1][last]\" placeholder=\"Nachname\" required><label for=\"wpforms-9074-field_1-last\" class=\"wpforms-field-sublabel after wpforms-sublabel-hide\">Last<\/label><\/div><\/div><\/div><div id=\"wpforms-9074-field_2-container\" class=\"wpforms-field wpforms-field-email\" data-field-id=\"2\"><label class=\"wpforms-field-label\" for=\"wpforms-9074-field_2\">E-Mail <span class=\"wpforms-required-label\">*<\/span><\/label><input type=\"email\" id=\"wpforms-9074-field_2\" class=\"wpforms-field-large wpforms-field-required\" name=\"wpforms[fields][2]\" placeholder=\"E-Mail\" spellcheck=\"false\" required><\/div><div id=\"wpforms-9074-field_7-container\" class=\"wpforms-field wpforms-field-checkbox\" data-field-id=\"7\"><label class=\"wpforms-field-label\">Anfrage <span class=\"wpforms-required-label\">*<\/span><\/label><ul id=\"wpforms-9074-field_7\" class=\"wpforms-field-required\"><li class=\"choice-1 depth-1\"><input type=\"checkbox\" id=\"wpforms-9074-field_7_1\" name=\"wpforms[fields][7][]\" value=\"Ja, bitte senden Sie mir der detaillierte Projektplan \u00fcber das Projekt Sewing Initiative.\" required ><label class=\"wpforms-field-label-inline\" for=\"wpforms-9074-field_7_1\">Ja, bitte senden Sie mir der detaillierte Projektplan \u00fcber das Projekt Sewing Initiative.<\/label><\/li><\/ul><\/div><\/div><!-- .wpforms-field-container --><div class=\"wpforms-field wpforms-field-hp\"><label for=\"wpforms-9074-field-hp\" class=\"wpforms-field-label\">Comment<\/label><input type=\"text\" name=\"wpforms[hp]\" id=\"wpforms-9074-field-hp\" class=\"wpforms-field-medium\"><\/div><div class=\"wpforms-submit-container\" ><input type=\"hidden\" name=\"wpforms[id]\" value=\"9074\"><input type=\"hidden\" name=\"page_title\" value=\"\"><input type=\"hidden\" name=\"page_url\" value=\"https:\/\/eurafrican-alliance.de\/en\/wp-json\/wp\/v2\/pages\/9052\"><input type=\"hidden\" name=\"url_referer\" value=\"\"><button type=\"submit\" name=\"wpforms[submit]\" id=\"wpforms-submit-9074\" class=\"wpforms-submit\" data-alt-text=\"Senden\" data-submit-text=\"Senden\" aria-live=\"assertive\" value=\"wpforms-submit\">Senden<\/button><\/div><\/form><\/div>  <!-- .wpforms-container --><\/div>\n\t\t\t\t\t\t<\/div>\n\t\t\t\t<\/div>\n\t\t\t\t\t<\/div>\n\t\t<\/div>\n\t\t\t\t\t<\/div>\n\t\t<\/section>\n\t\t\t\t<section class=\"elementor-section elementor-top-section elementor-element elementor-element-a884d5d elementor-section-boxed elementor-section-height-default elementor-section-height-default\" data-id=\"a884d5d\" data-element_type=\"section\" data-e-type=\"section\" data-no-translation=\"\">\n\t\t\t\t\t\t<div class=\"elementor-container elementor-column-gap-default\">\n\t\t\t\t\t<div class=\"elementor-column elementor-col-100 elementor-top-column elementor-element elementor-element-b87720e\" data-id=\"b87720e\" data-element_type=\"column\" data-e-type=\"column\" data-settings=\"{&quot;background_background&quot;:&quot;classic&quot;}\">\n\t\t\t<div class=\"elementor-widget-wrap elementor-element-populated\">\n\t\t\t\t\t\t<div class=\"elementor-element elementor-element-0278081 elementor-widget elementor-widget-spacer\" data-id=\"0278081\" data-element_type=\"widget\" data-e-type=\"widget\" data-widget_type=\"spacer.default\">\n\t\t\t\t<div class=\"elementor-widget-container\">\n\t\t\t\t\t\t\t<div class=\"elementor-spacer\">\n\t\t\t<div class=\"elementor-spacer-inner\"><\/div>\n\t\t<\/div>\n\t\t\t\t\t\t<\/div>\n\t\t\t\t<\/div>\n\t\t\t\t<div class=\"elementor-element elementor-element-29488f3 elementor-widget elementor-widget-shortcode\" data-id=\"29488f3\" data-element_type=\"widget\" data-e-type=\"widget\" data-widget_type=\"shortcode.default\">\n\t\t\t\t<div class=\"elementor-widget-container\">\n\t\t\t\t\t\t\t<div class=\"elementor-shortcode\">[give_form id=\"9702\"]<\/div>\n\t\t\t\t\t\t<\/div>\n\t\t\t\t<\/div>\n\t\t\t\t<div class=\"elementor-element elementor-element-7643ed0 elementor-widget elementor-widget-text-editor\" data-id=\"7643ed0\" data-element_type=\"widget\" data-e-type=\"widget\" data-widget_type=\"text-editor.default\">\n\t\t\t\t<div class=\"elementor-widget-container\">\n\t\t\t\t\t\t\t\t\t<p style=\"text-align: center;\">Your donation is tax-deductible according to \u00a7 10 EStG.<br \/>Thank you for your generosity!<\/p>\t\t\t\t\t\t\t\t<\/div>\n\t\t\t\t<\/div>\n\t\t\t\t\t<\/div>\n\t\t<\/div>\n\t\t\t\t\t<\/div>\n\t\t<\/section>\n\t\t\t\t<\/div>\n\t\t","protected":false},"excerpt":{"rendered":"<p>Sewing Initiative (Item, Nigeria) Eurafrican-Alliance f\u00f6rdert gemeinn\u00fctzige Projekte in Afrika. Wir suchen insbesondere nachhaltige Projekte, die in Gemeinden langfristig Arbeitspl\u00e4tze schaffen. Diese Mission verfolgen wir mit dem Sewing Initiative in Nigeria. Projekt: Auftragsn\u00e4herei mit integrierter N\u00e4hschule und Wohngemeinschaft Projektbeginn: M\u00e4rz 2027 Hintergrund:\u00a0Die Jugendarbeitslosenquote lag im Jahr 2022 bei 53.40%, Tendenz steigend. Mit unserem Projekt wollen [&hellip;]<\/p>\n","protected":false},"author":1,"featured_media":0,"parent":0,"menu_order":0,"comment_status":"closed","ping_status":"closed","template":"","meta":{"_monsterinsights_skip_tracking":false,"_monsterinsights_sitenote_active":false,"_monsterinsights_sitenote_note":"","_monsterinsights_sitenote_category":0,"site-sidebar-layout":"default","site-content-layout":"default","ast-site-content-layout":"default","site-content-style":"default","site-sidebar-style":"default","ast-global-header-display":"","ast-banner-title-visibility":"","ast-main-header-display":"","ast-hfb-above-header-display":"","ast-hfb-below-header-display":"","ast-hfb-mobile-header-display":"","site-post-title":"disabled","ast-breadcrumbs-content":"","ast-featured-img":"","footer-sml-layout":"","ast-disable-related-posts":"","theme-transparent-header-meta":"disabled","adv-header-id-meta":"","stick-header-meta":"","header-above-stick-meta":"","header-main-stick-meta":"","header-below-stick-meta":"","astra-migrate-meta-layouts":"default","ast-page-background-enabled":"default","ast-page-background-meta":{"desktop":{"background-color":"","background-image":"","background-repeat":"repeat","background-position":"center center","background-size":"auto","background-attachment":"scroll","background-type":"","background-media":"","overlay-type":"","overlay-color":"","overlay-opacity":"","overlay-gradient":""},"tablet":{"background-color":"","background-image":"","background-repeat":"repeat","background-position":"center center","background-size":"auto","background-attachment":"scroll","background-type":"","background-media":"","overlay-type":"","overlay-color":"","overlay-opacity":"","overlay-gradient":""},"mobile":{"background-color":"","background-image":"","background-repeat":"repeat","background-position":"center center","background-size":"auto","background-attachment":"scroll","background-type":"","background-media":"","overlay-type":"","overlay-color":"","overlay-opacity":"","overlay-gradient":""}},"ast-content-background-meta":{"desktop":{"background-color":"var(--ast-global-color-5)","background-image":"","background-repeat":"repeat","background-position":"center center","background-size":"auto","background-attachment":"scroll","background-type":"","background-media":"","overlay-type":"","overlay-color":"","overlay-opacity":"","overlay-gradient":""},"tablet":{"background-color":"var(--ast-global-color-5)","background-image":"","background-repeat":"repeat","background-position":"center center","background-size":"auto","background-attachment":"scroll","background-type":"","background-media":"","overlay-type":"","overlay-color":"","overlay-opacity":"","overlay-gradient":""},"mobile":{"background-color":"var(--ast-global-color-5)","background-image":"","background-repeat":"repeat","background-position":"center center","background-size":"auto","background-attachment":"scroll","background-type":"","background-media":"","overlay-type":"","overlay-color":"","overlay-opacity":"","overlay-gradient":""}},"footnotes":""},"class_list":["post-9052","page","type-page","status-publish","hentry"],"_links":{"self":[{"href":"https:\/\/eurafrican-alliance.de\/en\/wp-json\/wp\/v2\/pages\/9052","targetHints":{"allow":["GET"]}}],"collection":[{"href":"https:\/\/eurafrican-alliance.de\/en\/wp-json\/wp\/v2\/pages"}],"about":[{"href":"https:\/\/eurafrican-alliance.de\/en\/wp-json\/wp\/v2\/types\/page"}],"author":[{"embeddable":true,"href":"https:\/\/eurafrican-alliance.de\/en\/wp-json\/wp\/v2\/users\/1"}],"replies":[{"embeddable":true,"href":"https:\/\/eurafrican-alliance.de\/en\/wp-json\/wp\/v2\/comments?post=9052"}],"version-history":[{"count":6,"href":"https:\/\/eurafrican-alliance.de\/en\/wp-json\/wp\/v2\/pages\/9052\/revisions"}],"predecessor-version":[{"id":10587,"href":"https:\/\/eurafrican-alliance.de\/en\/wp-json\/wp\/v2\/pages\/9052\/revisions\/10587"}],"wp:attachment":[{"href":"https:\/\/eurafrican-alliance.de\/en\/wp-json\/wp\/v2\/media?parent=9052"}],"curies":[{"name":"wp","href":"https:\/\/api.w.org\/{rel}","templated":true}]}}