{"id":787,"date":"2020-02-17T21:13:04","date_gmt":"2020-02-17T19:13:04","guid":{"rendered":"https:\/\/eurafrican-alliance.de\/?page_id=787"},"modified":"2025-10-25T11:33:49","modified_gmt":"2025-10-25T09:33:49","slug":"spende","status":"publish","type":"page","link":"https:\/\/eurafrican-alliance.de\/en\/spende","title":{"rendered":"Spende"},"content":{"rendered":"<div data-elementor-type=\"wp-page\" data-elementor-id=\"787\" class=\"elementor elementor-787\">\n\t\t\t\t\t\t<section class=\"elementor-section elementor-top-section elementor-element elementor-element-82ba393 elementor-section-boxed elementor-section-height-default elementor-section-height-default\" data-id=\"82ba393\" data-element_type=\"section\" data-e-type=\"section\">\n\t\t\t\t\t\t<div class=\"elementor-container elementor-column-gap-default\">\n\t\t\t\t\t<div class=\"elementor-column elementor-col-33 elementor-top-column elementor-element elementor-element-cdc256d\" data-id=\"cdc256d\" data-element_type=\"column\" data-e-type=\"column\">\n\t\t\t<div class=\"elementor-widget-wrap\">\n\t\t\t\t\t\t\t<\/div>\n\t\t<\/div>\n\t\t\t\t<div class=\"elementor-column elementor-col-33 elementor-top-column elementor-element elementor-element-c936c10\" data-id=\"c936c10\" data-element_type=\"column\" data-e-type=\"column\">\n\t\t\t<div class=\"elementor-widget-wrap elementor-element-populated\">\n\t\t\t\t\t\t<div class=\"elementor-element elementor-element-fad1240 elementor-widget elementor-widget-spacer\" data-id=\"fad1240\" data-element_type=\"widget\" data-e-type=\"widget\" data-widget_type=\"spacer.default\">\n\t\t\t\t<div class=\"elementor-widget-container\">\n\t\t\t\t\t\t\t<div class=\"elementor-spacer\">\n\t\t\t<div class=\"elementor-spacer-inner\"><\/div>\n\t\t<\/div>\n\t\t\t\t\t\t<\/div>\n\t\t\t\t<\/div>\n\t\t\t\t<div class=\"elementor-element elementor-element-653f144 elementor-widget elementor-widget-heading\" data-id=\"653f144\" data-element_type=\"widget\" data-e-type=\"widget\" data-widget_type=\"heading.default\">\n\t\t\t\t<div class=\"elementor-widget-container\">\n\t\t\t\t\t<h2 class=\"elementor-heading-title elementor-size-default\">Yes, I would like to donate.<\/h2>\t\t\t\t<\/div>\n\t\t\t\t<\/div>\n\t\t\t\t\t<\/div>\n\t\t<\/div>\n\t\t\t\t<div class=\"elementor-column elementor-col-33 elementor-top-column elementor-element elementor-element-061ec60\" data-id=\"061ec60\" data-element_type=\"column\" data-e-type=\"column\">\n\t\t\t<div class=\"elementor-widget-wrap\">\n\t\t\t\t\t\t\t<\/div>\n\t\t<\/div>\n\t\t\t\t\t<\/div>\n\t\t<\/section>\n\t\t\t\t<section class=\"elementor-section elementor-top-section elementor-element elementor-element-89ab4db elementor-section-boxed elementor-section-height-default elementor-section-height-default\" data-id=\"89ab4db\" data-element_type=\"section\" data-e-type=\"section\">\n\t\t\t\t\t\t<div class=\"elementor-container elementor-column-gap-default\">\n\t\t\t\t\t<div class=\"elementor-column elementor-col-33 elementor-top-column elementor-element elementor-element-d235f61\" data-id=\"d235f61\" data-element_type=\"column\" data-e-type=\"column\">\n\t\t\t<div class=\"elementor-widget-wrap\">\n\t\t\t\t\t\t\t<\/div>\n\t\t<\/div>\n\t\t\t\t<div class=\"elementor-column elementor-col-33 elementor-top-column elementor-element elementor-element-541a481\" data-id=\"541a481\" data-element_type=\"column\" data-e-type=\"column\">\n\t\t\t<div class=\"elementor-widget-wrap elementor-element-populated\">\n\t\t\t\t\t\t<div class=\"elementor-element elementor-element-f2ff3ea elementor-widget elementor-widget-text-editor\" data-id=\"f2ff3ea\" data-element_type=\"widget\" data-e-type=\"widget\" data-widget_type=\"text-editor.default\">\n\t\t\t\t<div class=\"elementor-widget-container\">\n\t\t\t\t\t\t\t\t\t<span style=\"color: #ffffff;\">Your donation is tax-deductible according to \u00a7 10 EStG.<\/span>\n\n<\/br>\n<\/br>\n\n<span style=\"color: #ffffff;\"><input name=\"fruit\" type=\"checkbox\" value=\"Apple\" \/> I have read the <span style=\"text-decoration: underline;\"><a style=\"color: #ffffff; text-decoration: underline;\" href=\"https:\/\/eurafrican-alliance.de\/en\/datenschutzerklaerung\/\" target=\"_blank\" rel=\"noopener\">privacy policy<\/a><\/span> .<\/span>\t\t\t\t\t\t\t\t<\/div>\n\t\t\t\t<\/div>\n\t\t\t\t\t<\/div>\n\t\t<\/div>\n\t\t\t\t<div class=\"elementor-column elementor-col-33 elementor-top-column elementor-element elementor-element-0146630\" data-id=\"0146630\" data-element_type=\"column\" data-e-type=\"column\">\n\t\t\t<div class=\"elementor-widget-wrap\">\n\t\t\t\t\t\t\t<\/div>\n\t\t<\/div>\n\t\t\t\t\t<\/div>\n\t\t<\/section>\n\t\t\t\t<section class=\"elementor-section elementor-top-section elementor-element elementor-element-80f4800 elementor-section-boxed elementor-section-height-default elementor-section-height-default\" data-id=\"80f4800\" data-element_type=\"section\" data-e-type=\"section\">\n\t\t\t\t\t\t<div class=\"elementor-container elementor-column-gap-default\">\n\t\t\t\t\t<div class=\"elementor-column elementor-col-33 elementor-top-column elementor-element elementor-element-ad25514\" data-id=\"ad25514\" data-element_type=\"column\" data-e-type=\"column\">\n\t\t\t<div class=\"elementor-widget-wrap\">\n\t\t\t\t\t\t\t<\/div>\n\t\t<\/div>\n\t\t\t\t<div class=\"elementor-column elementor-col-33 elementor-top-column elementor-element elementor-element-40f96ed\" data-id=\"40f96ed\" data-element_type=\"column\" data-e-type=\"column\">\n\t\t\t<div class=\"elementor-widget-wrap elementor-element-populated\">\n\t\t\t\t\t\t<div class=\"elementor-element elementor-element-7bfd902 elementor-widget elementor-widget-shortcode\" data-id=\"7bfd902\" data-element_type=\"widget\" data-e-type=\"widget\" data-widget_type=\"shortcode.default\">\n\t\t\t\t<div class=\"elementor-widget-container\">\n\t\t\t\t\t\t\t<div class=\"elementor-shortcode\">\n\t<div class=\"charitable-campaign-wrap template-simple-1-col charitable-campaign-wrap-id-10566\">\n\n\t\t<div class=\"charitable-campaign-container\">\n\n\t\t\n\t\t\t\t\t<!-- row START -->\n\t\t\t\t\t<div id=\"charitable-template-row-0\" data-row-id=\"0\" data-row-type=\"row\" class=\"charitable-campaign-row charitable-campaign-row-type-row no-css\">\n\n\t\t\t\t\t<!-- column START --><div data-column-id=\"0\" class=\"charitable-campaign-column charitable-campaign-column-0\"><!-- section START --><div data-section-id=\"0\" data-section-type=\"fields\" class=\"section charitable-field-section\"><div class=\"charitable-campaign-field charitable-campaign-field-donate-amount charitable-campaign-field-container charitable-campaign-align-center charitable-campaign-columns-1\"><div class=\"charitable-campaign-field-inner\" style=\"width: 100%\">\n                <div class=\"charitable-template-donation-options\">\n                <ul class=\"charitable-template-donation-amounts\">\t\t\t\t\t<li class=\"charitable-template-donation-amount suggested-donation-amount\">\n\t\t\t\t\t\t<label>\n\t\t\t\t\t\t\t<input type=\"radio\" name=\"donation_amount\" value=\"5\" >\n\t\t\t\t\t\t\t<span class=\"amount\">&euro;5.00<\/span> \t\t\t\t\t\t<\/label>\n\t\t\t\t\t<\/li>\n\t\t\t\t\t\t\t\t\t\t\t<li class=\"charitable-template-donation-amount suggested-donation-amount selected\">\n\t\t\t\t\t\t<label>\n\t\t\t\t\t\t\t<input type=\"radio\" name=\"donation_amount\" value=\"10\" checked=\"&quot;true&quot;\">\n\t\t\t\t\t\t\t<span class=\"amount\">&euro;10.00<\/span> \t\t\t\t\t\t<\/label>\n\t\t\t\t\t<\/li>\n\t\t\t\t\t\t\t\t\t\t\t<li class=\"charitable-template-donation-amount suggested-donation-amount\">\n\t\t\t\t\t\t<label>\n\t\t\t\t\t\t\t<input type=\"radio\" name=\"donation_amount\" value=\"15\" >\n\t\t\t\t\t\t\t<span class=\"amount\">&euro;15.00<\/span> \t\t\t\t\t\t<\/label>\n\t\t\t\t\t<\/li>\n\t\t\t\t\t\t\t\t\t\t\t<li class=\"charitable-template-donation-amount suggested-donation-amount\">\n\t\t\t\t\t\t<label>\n\t\t\t\t\t\t\t<input type=\"radio\" name=\"donation_amount\" value=\"20\" >\n\t\t\t\t\t\t\t<span class=\"amount\">&euro;20.00<\/span> \t\t\t\t\t\t<\/label>\n\t\t\t\t\t<\/li>\n\t\t\t\t\t\t\n\t\t\t\t\n\t\t\t\t<li class=\"charitable-template-donation-amount custom-donation-amount\"> \t\t\t\t\t<span class=\"custom-donation-amount-wrapper\">\n\t\t\t\t\t<label>\n\t\t\t\t\t<input type=\"radio\" name=\"donation_amount\" value=\"custom\"><span class=\"description\">Custom amount<\/span>\n\t\t\t\t\t<\/label>\n\t\t\t\t\t<input type=\"text\"  class=\"custom-donation-input\" name=\"custom_donation_amount\" placeholder=\"Custom Donation Amount\" value=\"\">\n\t\t\t\t\t<\/span>\n\t\t\t\t<\/li>\n\n\t\t\t\t\n            <\/ul>\n            <\/div><\/div><\/div><div class=\"charitable-campaign-field charitable-campaign-field-donate-button charitable-campaign-field-container charitable-campaign-align-left charitable-campaign-columns-1\"><div class=\"charitable-campaign-field-inner\" style=\"width: 100%\">\n\t\t\t<div >\n\n\t\t\t\n\t\t\t\t<div class=\"campaign-donation\">\n\t\t\t\t\t<a data-trigger-modal=\"charitable-donation-form-modal-10566\"\n\t\t\t\t\t\tdata-campaign-id=\"10566\"\n\t\t\t\t\t\tclass=\"button charitable-button donate-button button-primary\"\n\t\t\t\t\t\thref=\"https:\/\/eurafrican-alliance.de\/en\/campaigns\/ja-ich-mchte-spenden\/donate\/\"\n\t\t\t\t\t\t\t\t\t\taria-label=\"Make a donation to Ja, ich will spenden.\">\n\t\t\t\t\tSPENDEN\t\t\t\t<\/a>\n\t\t\t\t<\/div>\n\n\n\t\t\t\t\n\t\t\t<\/div>\n\n\n\n\t\t\t<\/div><\/div><\/div><!-- section END -->\n\t\t\t\t\t\t\t\t<\/div>\n\n\t\t\t\t\t\t\t<!-- column END -->\n\t\t\t\t\t<\/div>\n\n\t\t\t\t\t<!-- row END -->\n\t\t\t\t\n\t\t\t\t\t<!-- row START -->\n\t\t\t\t\t<div id=\"charitable-template-row-1\" data-row-id=\"1\" data-row-type=\"row\" class=\"charitable-campaign-row charitable-campaign-row-type-row no-padding no-field-target no-field-wrap\">\n\n\t\t\t\t\t<!-- column START --><div data-column-id=\"1\" class=\"charitable-campaign-column charitable-campaign-column-1\"><!-- section START --><div data-section-id=\"0\" data-section-type=\"tabs\" class=\"section charitable-field-section\">\n\t\t\t\t\t\t\t\t\t<\/div><!-- section END -->\n\t\t\t\t\t\t\t\t<\/div>\n\n\t\t\t\t\t\t\t<!-- column END -->\n\t\t\t\t\t<\/div>\n\n\t\t\t\t\t<!-- row END -->\n\t\t\t\t\n\t\t\t<\/div>\n\t\t<\/div>\n\n\t<\/div>\n\t\t\t\t\t\t<\/div>\n\t\t\t\t<\/div>\n\t\t\t\t<div class=\"elementor-element elementor-element-87f37cd elementor-widget elementor-widget-spacer\" data-id=\"87f37cd\" data-element_type=\"widget\" data-e-type=\"widget\" data-widget_type=\"spacer.default\">\n\t\t\t\t<div class=\"elementor-widget-container\">\n\t\t\t\t\t\t\t<div class=\"elementor-spacer\">\n\t\t\t<div class=\"elementor-spacer-inner\"><\/div>\n\t\t<\/div>\n\t\t\t\t\t\t<\/div>\n\t\t\t\t<\/div>\n\t\t\t\t<div class=\"elementor-element elementor-element-e334c4a elementor-widget elementor-widget-text-editor\" data-id=\"e334c4a\" data-element_type=\"widget\" data-e-type=\"widget\" data-widget_type=\"text-editor.default\">\n\t\t\t\t<div class=\"elementor-widget-container\">\n\t\t\t\t\t\t\t\t\t<p>Would you like to support a specific project? Please choose from our current projects.<\/p>\t\t\t\t\t\t\t\t<\/div>\n\t\t\t\t<\/div>\n\t\t\t\t<div class=\"elementor-element elementor-element-fcae14d elementor-icon-list--layout-traditional elementor-list-item-link-full_width elementor-widget elementor-widget-icon-list\" data-id=\"fcae14d\" data-element_type=\"widget\" data-e-type=\"widget\" data-widget_type=\"icon-list.default\">\n\t\t\t\t<div class=\"elementor-widget-container\">\n\t\t\t\t\t\t\t<ul class=\"elementor-icon-list-items\">\n\t\t\t\t\t\t\t<li class=\"elementor-icon-list-item\">\n\t\t\t\t\t\t\t\t\t\t\t<a href=\"https:\/\/eurafrican-alliance.de\/en\/yiacspende\/\">\n\n\t\t\t\t\t\t\t\t\t\t\t\t<span class=\"elementor-icon-list-icon\">\n\t\t\t\t\t\t\t<i aria-hidden=\"true\" class=\"fas fa-circle\"><\/i>\t\t\t\t\t\t<\/span>\n\t\t\t\t\t\t\t\t\t\t<span class=\"elementor-icon-list-text\">Young Innovation Agricultural Center<\/span>\n\t\t\t\t\t\t\t\t\t\t\t<\/a>\n\t\t\t\t\t\t\t\t\t<\/li>\n\t\t\t\t\t\t\t\t<li class=\"elementor-icon-list-item\">\n\t\t\t\t\t\t\t\t\t\t\t<a href=\"https:\/\/eurafrican-alliance.de\/en\/sispende\/\">\n\n\t\t\t\t\t\t\t\t\t\t\t\t<span class=\"elementor-icon-list-icon\">\n\t\t\t\t\t\t\t<i aria-hidden=\"true\" class=\"fas fa-circle\"><\/i>\t\t\t\t\t\t<\/span>\n\t\t\t\t\t\t\t\t\t\t<span class=\"elementor-icon-list-text\">Sewing Initiative<\/span>\n\t\t\t\t\t\t\t\t\t\t\t<\/a>\n\t\t\t\t\t\t\t\t\t<\/li>\n\t\t\t\t\t\t<\/ul>\n\t\t\t\t\t\t<\/div>\n\t\t\t\t<\/div>\n\t\t\t\t\t<\/div>\n\t\t<\/div>\n\t\t\t\t<div class=\"elementor-column elementor-col-33 elementor-top-column elementor-element elementor-element-2d1c0d8\" data-id=\"2d1c0d8\" data-element_type=\"column\" data-e-type=\"column\">\n\t\t\t<div class=\"elementor-widget-wrap\">\n\t\t\t\t\t\t\t<\/div>\n\t\t<\/div>\n\t\t\t\t\t<\/div>\n\t\t<\/section>\n\t\t\t\t<section class=\"elementor-section elementor-top-section elementor-element elementor-element-891b73b elementor-section-boxed elementor-section-height-default elementor-section-height-default\" data-id=\"891b73b\" data-element_type=\"section\" data-e-type=\"section\" data-settings=\"{&quot;background_background&quot;:&quot;classic&quot;}\">\n\t\t\t\t\t\t<div class=\"elementor-container elementor-column-gap-default\">\n\t\t\t\t\t<div class=\"elementor-column elementor-col-100 elementor-top-column elementor-element elementor-element-6a4dd15\" data-id=\"6a4dd15\" data-element_type=\"column\" data-e-type=\"column\">\n\t\t\t<div class=\"elementor-widget-wrap elementor-element-populated\">\n\t\t\t\t\t\t<div class=\"elementor-element elementor-element-c5b688b elementor-widget elementor-widget-spacer\" data-id=\"c5b688b\" data-element_type=\"widget\" data-e-type=\"widget\" data-widget_type=\"spacer.default\">\n\t\t\t\t<div class=\"elementor-widget-container\">\n\t\t\t\t\t\t\t<div class=\"elementor-spacer\">\n\t\t\t<div class=\"elementor-spacer-inner\"><\/div>\n\t\t<\/div>\n\t\t\t\t\t\t<\/div>\n\t\t\t\t<\/div>\n\t\t\t\t\t<\/div>\n\t\t<\/div>\n\t\t\t\t\t<\/div>\n\t\t<\/section>\n\t\t\t\t<section class=\"elementor-section elementor-top-section elementor-element elementor-element-d137871 elementor-section-boxed elementor-section-height-default elementor-section-height-default\" data-id=\"d137871\" data-element_type=\"section\" data-e-type=\"section\">\n\t\t\t\t\t\t<div class=\"elementor-container elementor-column-gap-default\">\n\t\t\t\t\t<div class=\"elementor-column elementor-col-100 elementor-top-column elementor-element elementor-element-8785139\" data-id=\"8785139\" data-element_type=\"column\" data-e-type=\"column\">\n\t\t\t<div class=\"elementor-widget-wrap\">\n\t\t\t\t\t\t\t<\/div>\n\t\t<\/div>\n\t\t\t\t\t<\/div>\n\t\t<\/section>\n\t\t\t\t<\/div>","protected":false},"excerpt":{"rendered":"<p>Ja, ich m\u00f6chte spenden. Ihre Spende ist nach \u00a7 10 EStG steuerbeg\u00fcnstigt. Ich habe die Datenschutzerkl\u00e4rung gelesen. Sie m\u00f6chten ein bestimmtes Projekt unterst\u00fctzen? Bitte w\u00e4hlen Sie aus unseren aktuellen Projekten. Young Innovation Agricultural Center Sewing Initiative<\/p>","protected":false},"author":1,"featured_media":0,"parent":0,"menu_order":0,"comment_status":"closed","ping_status":"closed","template":"","meta":{"_monsterinsights_skip_tracking":false,"_monsterinsights_sitenote_active":false,"_monsterinsights_sitenote_note":"","_monsterinsights_sitenote_category":0,"site-sidebar-layout":"no-sidebar","site-content-layout":"page-builder","ast-site-content-layout":"default","site-content-style":"default","site-sidebar-style":"default","ast-global-header-display":"","ast-banner-title-visibility":"","ast-main-header-display":"","ast-hfb-above-header-display":"","ast-hfb-below-header-display":"","ast-hfb-mobile-header-display":"","site-post-title":"disabled","ast-breadcrumbs-content":"","ast-featured-img":"","footer-sml-layout":"","ast-disable-related-posts":"","theme-transparent-header-meta":"disabled","adv-header-id-meta":"","stick-header-meta":"","header-above-stick-meta":"","header-main-stick-meta":"","header-below-stick-meta":"","astra-migrate-meta-layouts":"default","ast-page-background-enabled":"default","ast-page-background-meta":{"desktop":{"background-color":"","background-image":"","background-repeat":"repeat","background-position":"center center","background-size":"auto","background-attachment":"scroll","background-type":"","background-media":"","overlay-type":"","overlay-color":"","overlay-opacity":"","overlay-gradient":""},"tablet":{"background-color":"","background-image":"","background-repeat":"repeat","background-position":"center center","background-size":"auto","background-attachment":"scroll","background-type":"","background-media":"","overlay-type":"","overlay-color":"","overlay-opacity":"","overlay-gradient":""},"mobile":{"background-color":"","background-image":"","background-repeat":"repeat","background-position":"center center","background-size":"auto","background-attachment":"scroll","background-type":"","background-media":"","overlay-type":"","overlay-color":"","overlay-opacity":"","overlay-gradient":""}},"ast-content-background-meta":{"desktop":{"background-color":"var(--ast-global-color-5)","background-image":"","background-repeat":"repeat","background-position":"center center","background-size":"auto","background-attachment":"scroll","background-type":"","background-media":"","overlay-type":"","overlay-color":"","overlay-opacity":"","overlay-gradient":""},"tablet":{"background-color":"var(--ast-global-color-5)","background-image":"","background-repeat":"repeat","background-position":"center center","background-size":"auto","background-attachment":"scroll","background-type":"","background-media":"","overlay-type":"","overlay-color":"","overlay-opacity":"","overlay-gradient":""},"mobile":{"background-color":"var(--ast-global-color-5)","background-image":"","background-repeat":"repeat","background-position":"center center","background-size":"auto","background-attachment":"scroll","background-type":"","background-media":"","overlay-type":"","overlay-color":"","overlay-opacity":"","overlay-gradient":""}},"footnotes":""},"class_list":["post-787","page","type-page","status-publish","hentry"],"_links":{"self":[{"href":"https:\/\/eurafrican-alliance.de\/en\/wp-json\/wp\/v2\/pages\/787","targetHints":{"allow":["GET"]}}],"collection":[{"href":"https:\/\/eurafrican-alliance.de\/en\/wp-json\/wp\/v2\/pages"}],"about":[{"href":"https:\/\/eurafrican-alliance.de\/en\/wp-json\/wp\/v2\/types\/page"}],"author":[{"embeddable":true,"href":"https:\/\/eurafrican-alliance.de\/en\/wp-json\/wp\/v2\/users\/1"}],"replies":[{"embeddable":true,"href":"https:\/\/eurafrican-alliance.de\/en\/wp-json\/wp\/v2\/comments?post=787"}],"version-history":[{"count":36,"href":"https:\/\/eurafrican-alliance.de\/en\/wp-json\/wp\/v2\/pages\/787\/revisions"}],"predecessor-version":[{"id":10574,"href":"https:\/\/eurafrican-alliance.de\/en\/wp-json\/wp\/v2\/pages\/787\/revisions\/10574"}],"wp:attachment":[{"href":"https:\/\/eurafrican-alliance.de\/en\/wp-json\/wp\/v2\/media?parent=787"}],"curies":[{"name":"wp","href":"https:\/\/api.w.org\/{rel}","templated":true}]}}