{"id":11,"date":"2018-11-26T12:45:57","date_gmt":"2018-11-26T12:45:57","guid":{"rendered":"https:\/\/websitedemos.net\/alex26\/?page_id=7"},"modified":"2023-08-31T16:01:34","modified_gmt":"2023-08-31T14:01:34","slug":"ueber-uns","status":"publish","type":"page","link":"https:\/\/eurafrican-alliance.de\/en\/ueber-uns","title":{"rendered":"About us"},"content":{"rendered":"<div data-elementor-type=\"wp-post\" data-elementor-id=\"11\" class=\"elementor elementor-11\">\n\t\t\t\t\t\t<section class=\"elementor-section elementor-top-section elementor-element elementor-element-688ad38 elementor-section-content-middle elementor-section-boxed elementor-section-height-default elementor-section-height-default\" data-id=\"688ad38\" data-element_type=\"section\" data-e-type=\"section\" data-settings=\"{&quot;background_background&quot;:&quot;classic&quot;}\">\n\t\t\t\t\t\t\t<div class=\"elementor-background-overlay\"><\/div>\n\t\t\t\t\t\t\t<div class=\"elementor-container elementor-column-gap-no\">\n\t\t\t\t\t<div class=\"elementor-column elementor-col-100 elementor-top-column elementor-element elementor-element-148e58a\" data-id=\"148e58a\" data-element_type=\"column\" data-e-type=\"column\">\n\t\t\t<div class=\"elementor-widget-wrap elementor-element-populated\">\n\t\t\t\t\t\t<div class=\"elementor-element elementor-element-d915ffa elementor-hidden-desktop elementor-widget elementor-widget-heading\" data-id=\"d915ffa\" data-element_type=\"widget\" data-e-type=\"widget\" data-widget_type=\"heading.default\">\n\t\t\t\t<div class=\"elementor-widget-container\">\n\t\t\t\t\t<h1 class=\"elementor-heading-title elementor-size-default\">Living bridge between \nEurope and Africa <\/h1>\t\t\t\t<\/div>\n\t\t\t\t<\/div>\n\t\t\t\t<div class=\"elementor-element elementor-element-07c7d02 elementor-hidden-tablet elementor-hidden-mobile elementor-widget elementor-widget-heading\" data-id=\"07c7d02\" data-element_type=\"widget\" data-e-type=\"widget\" data-widget_type=\"heading.default\">\n\t\t\t\t<div class=\"elementor-widget-container\">\n\t\t\t\t\t<h1 class=\"elementor-heading-title elementor-size-default\">Living bridge between \nEurope and Africa <\/h1>\t\t\t\t<\/div>\n\t\t\t\t<\/div>\n\t\t\t\t\t<\/div>\n\t\t<\/div>\n\t\t\t\t\t<\/div>\n\t\t<\/section>\n\t\t\t\t<section class=\"elementor-section elementor-top-section elementor-element elementor-element-58799fc elementor-hidden-desktop elementor-section-boxed elementor-section-height-default elementor-section-height-default\" data-id=\"58799fc\" data-element_type=\"section\" data-e-type=\"section\">\n\t\t\t\t\t\t<div class=\"elementor-container elementor-column-gap-default\">\n\t\t\t\t\t<div class=\"elementor-column elementor-col-100 elementor-top-column elementor-element elementor-element-6b6927a\" data-id=\"6b6927a\" data-element_type=\"column\" data-e-type=\"column\">\n\t\t\t<div class=\"elementor-widget-wrap elementor-element-populated\">\n\t\t\t\t\t\t<div class=\"elementor-element elementor-element-5fde8a2 elementor-widget elementor-widget-text-editor\" data-id=\"5fde8a2\" data-element_type=\"widget\" data-e-type=\"widget\" data-widget_type=\"text-editor.default\">\n\t\t\t\t<div class=\"elementor-widget-container\">\n\t\t\t\t\t\t\t\t\t<p style=\"text-align: right;\">Photo: Lekki Bridge, Ikoyi, Lagos, Nigeria.<\/p>\t\t\t\t\t\t\t\t<\/div>\n\t\t\t\t<\/div>\n\t\t\t\t<div class=\"elementor-element elementor-element-1d47136 elementor-widget elementor-widget-text-editor\" data-id=\"1d47136\" data-element_type=\"widget\" data-e-type=\"widget\" data-widget_type=\"text-editor.default\">\n\t\t\t\t<div class=\"elementor-widget-container\">\n\t\t\t\t\t\t\t\t\t<p>The non profit organisation Eurafrican-Alliance was founded on 15.02.2020. <span style=\"font-weight: 400;\">We are a German association that promotes non-profit projects in Africa. Our goal is to provide food and work security, thereby enabling education.<\/span><\/p><p><span style=\"font-weight: 400;\">Africa is not only Europe's neighbouring continent, but also the world region with the strongest population growth. While 1.3 billion people live on the continent today, according to the Berlin Institute for Population and Development, this figure will rise to 2.5 billion by 2050\u00a0<\/span><span style=\"font-weight: 400;\">The rapid increase in population exacerbates the already many challenges in African countries. As the most populous country in Africa, Nigeria has the opportunity to lift millions of people out of poverty, as India did in its time.  (2017 - 2021 India reduced the poverty rate from 60% to 17.7%. Source: SOS Children's Villages)<\/span><\/p><p><span style=\"font-weight: 400;\">Eurafrican-Alliance is engaged in analysing the problem. In various events such as podium discussions and webinars with experts, participants gain an understanding of the background to Africa's situation. <\/span><span style=\"font-weight: 400;\">Furthermore, we want to offer solutions for possible problems of the African economic sector.<\/span><\/p><p><span style=\"font-weight: 400;\">We look for and promote sustainable and innovative projects that create long-term jobs in communities and help to remedy infrastructural deficiencies such as electricity or water.<\/span><\/p><p>Our vision as an organisation is to support independent African states to no longer be dependent on external aid, but to be able to act as equal partners in the global construct. Furthermore, we want to create a foundation of friendship, cohesion and acceptance for future generations.<\/p>\t\t\t\t\t\t\t\t<\/div>\n\t\t\t\t<\/div>\n\t\t\t\t\t<\/div>\n\t\t<\/div>\n\t\t\t\t\t<\/div>\n\t\t<\/section>\n\t\t\t\t<section class=\"elementor-section elementor-top-section elementor-element elementor-element-26ffdea elementor-hidden-tablet elementor-hidden-mobile elementor-section-boxed elementor-section-height-default elementor-section-height-default\" data-id=\"26ffdea\" data-element_type=\"section\" data-e-type=\"section\">\n\t\t\t\t\t\t<div class=\"elementor-container elementor-column-gap-default\">\n\t\t\t\t\t<div class=\"elementor-column elementor-col-100 elementor-top-column elementor-element elementor-element-f1506a9\" data-id=\"f1506a9\" data-element_type=\"column\" data-e-type=\"column\">\n\t\t\t<div class=\"elementor-widget-wrap elementor-element-populated\">\n\t\t\t\t\t\t<div class=\"elementor-element elementor-element-787a555 elementor-widget elementor-widget-text-editor\" data-id=\"787a555\" data-element_type=\"widget\" data-e-type=\"widget\" data-widget_type=\"text-editor.default\">\n\t\t\t\t<div class=\"elementor-widget-container\">\n\t\t\t\t\t\t\t\t\t<p style=\"text-align: right;\">Photo: Lekki Bridge, Ikoyi, Lagos, Nigeria.<\/p>\t\t\t\t\t\t\t\t<\/div>\n\t\t\t\t<\/div>\n\t\t\t\t<div class=\"elementor-element elementor-element-1532c13 elementor-widget elementor-widget-text-editor\" data-id=\"1532c13\" data-element_type=\"widget\" data-e-type=\"widget\" data-widget_type=\"text-editor.default\">\n\t\t\t\t<div class=\"elementor-widget-container\">\n\t\t\t\t\t\t\t\t\t<p class=\"p1\"><span class=\"s1\">The Eurafrican-Alliance association was founded on 15.02.2020. We are a German association that promotes non-profit projects in Africa. Our goal is to provide food and work security, thereby enabling education.\u00a0<\/span><\/p><p class=\"p1\"><span class=\"s1\">Afrika ist nicht nur Europas Nachbarkontinent, sondern auch die Weltregion mit dem st\u00e4rksten Bev\u00f6lkerungswachstum. W\u00e4hrend heute 1,3 Milliarden Menschen auf dem Kontinent leben, werden es laut dem Berliner Institut f\u00fcr Bev\u00f6lkerung und Entwicklung 2050 schon 2,5 Milliarden.\u00a0Der rasche Zuwachs an Einwohnern versch\u00e4rft die ohnehin schon prik\u00e4re Lage in den afrikanischen Staaten.\u00a0<\/span><\/p><p class=\"p1\"><span class=\"s1\">Vielerorts w\u00e4chst die Wirtschaft dynamisch \u2013 doch nicht stark genug, um mit dem schnellen Wachstum <\/span><span class=\"s1\">der Bev\u00f6lkerung mitzuhalten. <\/span><\/p><p class=\"p1\"><span class=\"s1\">Insecure employment with low wages is common. High unemployment is the order of the day in Africa, especially among young adults (unemployment of young adults 53.3% Nigeria), this hopelessness leads to waves of refugees to Europe.<\/span><\/p><p class=\"p1\"><span class=\"s1\">Municipal waste is generated due to high population density and non-existent waste management. Often, the waste ends up at the roadside, in rivers and in uncontrolled landfills, or it is improperly burned in backyards. Bad air, polluted water and contaminated soil are the result.<\/span><\/p><p class=\"p1\"><span class=\"s1\">The African continent bears more than 22% of the global burden of disease, but has only 3% of the world's doctors and health workers and less than 1% of the world's financial resources.\u00a0<\/span><\/p><p class=\"p1\"><span class=\"s1\">In the sixties, free health care was still a fundamental right and the public health system was supposed to be financed one hundred percent by taxes. This quickly proved to be an illusion. The international debt crisis in the eighties had a drastic impact on health budgets in national budgets. In response to this situation, direct cash payment of patients on the spot and at the time of using medical services was introduced. The cost of treating diseases such as an appendicitis tumour or appendicitis infection is far above the average salary and is equivalent to at least 3-4 months' salary. Without job security and fair pay, these things are not possible. This explains why the mortality rate is highest in Africa.<\/span><\/p><p class=\"p1\"><span class=\"s1\">Eurafrican Alliance would like to create sustainable help for self-help together with your support.<\/span><\/p><p class=\"p1\"><span class=\"s1\">We look for and promote sustainable and innovative projects that create long-term jobs in communities and help to remedy infrastructural deficiencies such as electricity or water.<\/span><\/p><p class=\"p1\"><span class=\"s1\">The non-profit organisation Eurafrican-Alliance is engaged in problem analysis and would like to offer solutions for possible problems of the African economic sector. In various events such as webinars and panel discussions with experts, participants gain an understanding of the background to Africa's situation.<\/span><\/p><p class=\"p1\"><span class=\"s1\">Our vision as an organisation is to support independent African states to no longer be dependent on external aid, but to be able to act as equal partners in the global construct. Furthermore, we want to create a foundation of friendship, cohesion and acceptance for future generations.<\/span><\/p>\t\t\t\t\t\t\t\t<\/div>\n\t\t\t\t<\/div>\n\t\t\t\t\t<\/div>\n\t\t<\/div>\n\t\t\t\t\t<\/div>\n\t\t<\/section>\n\t\t\t\t<\/div>","protected":false},"excerpt":{"rendered":"<p>Lebendige Br\u00fccke zwischen Europa und Afrika Lebendige Br\u00fccke zwischen Europa und Afrika Foto: Lekki Bridge, Ikoyi, Lagos, Nigeria. Der Verein Eurafrican-Alliance wurde am 15.02.2020 gegr\u00fcndet. Wir sind ein deutscher Verein, der gemeinn\u00fctzige Projekte in Afrika f\u00f6rdert. Unser Ziel ist es, f\u00fcr Nahrungs- und Arbeitssicherung zu sorgen, um dadurch Bildung zu erm\u00f6glichen. Afrika ist nicht nur [&hellip;]<\/p>\n","protected":false},"author":1,"featured_media":0,"parent":0,"menu_order":0,"comment_status":"closed","ping_status":"closed","template":"","meta":{"_monsterinsights_skip_tracking":false,"_monsterinsights_sitenote_active":false,"_monsterinsights_sitenote_note":"","_monsterinsights_sitenote_category":0,"site-sidebar-layout":"no-sidebar","site-content-layout":"page-builder","ast-site-content-layout":"default","site-content-style":"default","site-sidebar-style":"default","ast-global-header-display":"","ast-banner-title-visibility":"","ast-main-header-display":"","ast-hfb-above-header-display":"","ast-hfb-below-header-display":"","ast-hfb-mobile-header-display":"","site-post-title":"disabled","ast-breadcrumbs-content":"","ast-featured-img":"disabled","footer-sml-layout":"","ast-disable-related-posts":"","theme-transparent-header-meta":"enabled","adv-header-id-meta":"","stick-header-meta":"","header-above-stick-meta":"","header-main-stick-meta":"","header-below-stick-meta":"","astra-migrate-meta-layouts":"default","ast-page-background-enabled":"default","ast-page-background-meta":{"desktop":{"background-color":"","background-image":"","background-repeat":"repeat","background-position":"center center","background-size":"auto","background-attachment":"scroll","background-type":"","background-media":"","overlay-type":"","overlay-color":"","overlay-opacity":"","overlay-gradient":""},"tablet":{"background-color":"","background-image":"","background-repeat":"repeat","background-position":"center center","background-size":"auto","background-attachment":"scroll","background-type":"","background-media":"","overlay-type":"","overlay-color":"","overlay-opacity":"","overlay-gradient":""},"mobile":{"background-color":"","background-image":"","background-repeat":"repeat","background-position":"center center","background-size":"auto","background-attachment":"scroll","background-type":"","background-media":"","overlay-type":"","overlay-color":"","overlay-opacity":"","overlay-gradient":""}},"ast-content-background-meta":{"desktop":{"background-color":"var(--ast-global-color-5)","background-image":"","background-repeat":"repeat","background-position":"center center","background-size":"auto","background-attachment":"scroll","background-type":"","background-media":"","overlay-type":"","overlay-color":"","overlay-opacity":"","overlay-gradient":""},"tablet":{"background-color":"var(--ast-global-color-5)","background-image":"","background-repeat":"repeat","background-position":"center center","background-size":"auto","background-attachment":"scroll","background-type":"","background-media":"","overlay-type":"","overlay-color":"","overlay-opacity":"","overlay-gradient":""},"mobile":{"background-color":"var(--ast-global-color-5)","background-image":"","background-repeat":"repeat","background-position":"center center","background-size":"auto","background-attachment":"scroll","background-type":"","background-media":"","overlay-type":"","overlay-color":"","overlay-opacity":"","overlay-gradient":""}},"footnotes":""},"class_list":["post-11","page","type-page","status-publish","hentry"],"_links":{"self":[{"href":"https:\/\/eurafrican-alliance.de\/en\/wp-json\/wp\/v2\/pages\/11","targetHints":{"allow":["GET"]}}],"collection":[{"href":"https:\/\/eurafrican-alliance.de\/en\/wp-json\/wp\/v2\/pages"}],"about":[{"href":"https:\/\/eurafrican-alliance.de\/en\/wp-json\/wp\/v2\/types\/page"}],"author":[{"embeddable":true,"href":"https:\/\/eurafrican-alliance.de\/en\/wp-json\/wp\/v2\/users\/1"}],"replies":[{"embeddable":true,"href":"https:\/\/eurafrican-alliance.de\/en\/wp-json\/wp\/v2\/comments?post=11"}],"version-history":[{"count":25,"href":"https:\/\/eurafrican-alliance.de\/en\/wp-json\/wp\/v2\/pages\/11\/revisions"}],"predecessor-version":[{"id":10372,"href":"https:\/\/eurafrican-alliance.de\/en\/wp-json\/wp\/v2\/pages\/11\/revisions\/10372"}],"wp:attachment":[{"href":"https:\/\/eurafrican-alliance.de\/en\/wp-json\/wp\/v2\/media?parent=11"}],"curies":[{"name":"wp","href":"https:\/\/api.w.org\/{rel}","templated":true}]}}