{"id":10345,"date":"2023-12-05T21:40:56","date_gmt":"2023-12-05T19:40:56","guid":{"rendered":"https:\/\/eurafrican-alliance.de\/?page_id=10345"},"modified":"2025-09-06T13:47:16","modified_gmt":"2025-09-06T11:47:16","slug":"podcast-2","status":"publish","type":"page","link":"https:\/\/eurafrican-alliance.de\/en\/podcast-2","title":{"rendered":"Podcast"},"content":{"rendered":"<p class=\"has-large-font-size\">Open Your Eyes For Africa &#8211; Podcast-Serie<\/p>\n\n\n\n<p>With our podcast series, we want to provide information about the economic challenges in Africa and find answers to the causes of poverty, flight and migration.<\/p>\n\n\n\n<p>Gef\u00f6rdert durch ENGAGEMENT GLOBAL mit Mitteln des BMZ <\/p>\n\n\n\n<div class=\"wp-block-columns is-layout-flex wp-container-core-columns-is-layout-28f84493 wp-block-columns-is-layout-flex\">\n<div class=\"wp-block-column is-layout-flow wp-block-column-is-layout-flow\">\n<figure class=\"wp-block-image size-medium\"><img decoding=\"async\" width=\"300\" height=\"105\" src=\"https:\/\/eurafrican-alliance.de\/wp-content\/uploads\/2025\/09\/eg_logo_rgb-300x105.png\" alt=\"\" class=\"wp-image-10536\" srcset=\"https:\/\/eurafrican-alliance.de\/wp-content\/uploads\/2025\/09\/eg_logo_rgb-300x105.png 300w, https:\/\/eurafrican-alliance.de\/wp-content\/uploads\/2025\/09\/eg_logo_rgb-1024x358.png 1024w, https:\/\/eurafrican-alliance.de\/wp-content\/uploads\/2025\/09\/eg_logo_rgb-768x269.png 768w, https:\/\/eurafrican-alliance.de\/wp-content\/uploads\/2025\/09\/eg_logo_rgb-1536x537.png 1536w, https:\/\/eurafrican-alliance.de\/wp-content\/uploads\/2025\/09\/eg_logo_rgb-2048x716.png 2048w, https:\/\/eurafrican-alliance.de\/wp-content\/uploads\/2025\/09\/eg_logo_rgb-18x6.png 18w, https:\/\/eurafrican-alliance.de\/wp-content\/uploads\/2025\/09\/eg_logo_rgb-1320x462.png 1320w\" sizes=\"(max-width: 300px) 100vw, 300px\" \/><\/figure>\n<\/div>\n\n\n\n<div class=\"wp-block-column is-layout-flow wp-block-column-is-layout-flow\">\n<figure class=\"wp-block-image size-medium\"><img decoding=\"async\" width=\"300\" height=\"140\" src=\"https:\/\/eurafrican-alliance.de\/wp-content\/uploads\/2025\/09\/BMZ_2017_Office_Farbe_de-1-300x140.png\" alt=\"\" class=\"wp-image-10537\" srcset=\"https:\/\/eurafrican-alliance.de\/wp-content\/uploads\/2025\/09\/BMZ_2017_Office_Farbe_de-1-300x140.png 300w, https:\/\/eurafrican-alliance.de\/wp-content\/uploads\/2025\/09\/BMZ_2017_Office_Farbe_de-1-1024x478.png 1024w, https:\/\/eurafrican-alliance.de\/wp-content\/uploads\/2025\/09\/BMZ_2017_Office_Farbe_de-1-768x358.png 768w, https:\/\/eurafrican-alliance.de\/wp-content\/uploads\/2025\/09\/BMZ_2017_Office_Farbe_de-1-1536x716.png 1536w, https:\/\/eurafrican-alliance.de\/wp-content\/uploads\/2025\/09\/BMZ_2017_Office_Farbe_de-1-18x8.png 18w, https:\/\/eurafrican-alliance.de\/wp-content\/uploads\/2025\/09\/BMZ_2017_Office_Farbe_de-1-1320x616.png 1320w, https:\/\/eurafrican-alliance.de\/wp-content\/uploads\/2025\/09\/BMZ_2017_Office_Farbe_de-1.png 1784w\" sizes=\"(max-width: 300px) 100vw, 300px\" \/><\/figure>\n<\/div>\n<\/div>\n\n\n\n<figure class=\"wp-block-embed is-type-video is-provider-youtube wp-block-embed-youtube wp-embed-aspect-16-9 wp-has-aspect-ratio\"><div class=\"wp-block-embed__wrapper\">\n<iframe title=\"Prof. Dr. Heiner Flassbeck: BRICS IM GLOBALEN RICHTFELD. AUSWIRKUNGEN AUF WELTWIRTSCHAFT UND\u00a0AFRIKA\" width=\"500\" height=\"281\" src=\"https:\/\/www.youtube.com\/embed\/kqKosCiXi58?feature=oembed\" frameborder=\"0\" allow=\"accelerometer; autoplay; clipboard-write; encrypted-media; gyroscope; picture-in-picture; web-share\" referrerpolicy=\"strict-origin-when-cross-origin\" allowfullscreen><\/iframe>\n<\/div><\/figure>\n\n\n\n<p>Episode 8: BRICS im globalen Richtfeld. Auswirkungen auf Weltwirtschaft und Afrika<\/p>\n\n\n\n<figure class=\"wp-block-embed is-type-video is-provider-youtube wp-block-embed-youtube wp-embed-aspect-16-9 wp-has-aspect-ratio\"><div class=\"wp-block-embed__wrapper\">\n<iframe title=\"BRICS: Prof. Dr. Heiner Flassbeck: Die Notwendigkeit eines neuen W\u00e4hrungssystems II\" width=\"500\" height=\"281\" src=\"https:\/\/www.youtube.com\/embed\/YIZx61NqY0g?feature=oembed\" frameborder=\"0\" allow=\"accelerometer; autoplay; clipboard-write; encrypted-media; gyroscope; picture-in-picture; web-share\" referrerpolicy=\"strict-origin-when-cross-origin\" allowfullscreen><\/iframe>\n<\/div><\/figure>\n\n\n\n<p>Episode 7: Teil 2: Die Notwendigkeit eines neuen W\u00e4hrungssystems<\/p>\n\n\n\n<figure class=\"wp-block-embed is-type-video is-provider-youtube wp-block-embed-youtube wp-embed-aspect-16-9 wp-has-aspect-ratio\"><div class=\"wp-block-embed__wrapper\">\n<iframe title=\"BRICS: Prof. Dr. Heiner Flassbeck \u00fcber die Notwendigkeit eines neuen W\u00e4hrungssystems\" width=\"500\" height=\"281\" src=\"https:\/\/www.youtube.com\/embed\/o2XXkrip49w?feature=oembed\" frameborder=\"0\" allow=\"accelerometer; autoplay; clipboard-write; encrypted-media; gyroscope; picture-in-picture; web-share\" referrerpolicy=\"strict-origin-when-cross-origin\" allowfullscreen><\/iframe>\n<\/div><\/figure>\n\n\n\n<p>Episode 6: BRICS: Prof. Dr. Heiner Flassbeck \u00fcber die Notwendigkeit eines neuen W\u00e4hrungssystems<\/p>\n\n\n\n<figure class=\"wp-block-embed is-type-video is-provider-youtube wp-block-embed-youtube wp-embed-aspect-16-9 wp-has-aspect-ratio\"><div class=\"wp-block-embed__wrapper\">\n<iframe title=\"Prof. Dr. Heiner Flassbeck: Zwischen IMF, BRICS und Entwicklungsrethorik\" width=\"500\" height=\"281\" src=\"https:\/\/www.youtube.com\/embed\/kkPOuHVTO8g?feature=oembed\" frameborder=\"0\" allow=\"accelerometer; autoplay; clipboard-write; encrypted-media; gyroscope; picture-in-picture; web-share\" referrerpolicy=\"strict-origin-when-cross-origin\" allowfullscreen><\/iframe>\n<\/div><\/figure>\n\n\n\n<p>Edisode 5: Nigeria zwischen IMF, BRICS und Entwicklungsrethorik<\/p>\n\n\n\n<figure class=\"wp-block-embed is-type-video is-provider-youtube wp-block-embed-youtube wp-embed-aspect-16-9 wp-has-aspect-ratio\"><div class=\"wp-block-embed__wrapper\">\n<iframe title=\"Prof. Dr. Tobias Heidland: Migration und deren Ursachen.\" width=\"500\" height=\"281\" src=\"https:\/\/www.youtube.com\/embed\/1phOC7w5tCY?feature=oembed\" frameborder=\"0\" allow=\"accelerometer; autoplay; clipboard-write; encrypted-media; gyroscope; picture-in-picture; web-share\" referrerpolicy=\"strict-origin-when-cross-origin\" allowfullscreen><\/iframe>\n<\/div><\/figure>\n\n\n\n<p>Episode 4: Migration und deren Ursachen.<\/p>\n\n\n\n<figure class=\"wp-block-embed is-type-video is-provider-youtube wp-block-embed-youtube wp-embed-aspect-16-9 wp-has-aspect-ratio\"><div class=\"wp-block-embed__wrapper\">\n<iframe title=\"Prof. Dr. Heiner Flassbeck: Der Einfluss der Geldpolitik auf die Wirtschaft.\" width=\"500\" height=\"281\" src=\"https:\/\/www.youtube.com\/embed\/Qu_faWctwAE?feature=oembed\" frameborder=\"0\" allow=\"accelerometer; autoplay; clipboard-write; encrypted-media; gyroscope; picture-in-picture; web-share\" referrerpolicy=\"strict-origin-when-cross-origin\" allowfullscreen><\/iframe>\n<\/div><\/figure>\n\n\n\n<p>Episode 3: Der Einfluss der Geldpolitik auf die Wirtschaft.<\/p>\n\n\n\n<figure class=\"wp-block-embed is-type-video is-provider-youtube wp-block-embed-youtube wp-embed-aspect-16-9 wp-has-aspect-ratio\"><div class=\"wp-block-embed__wrapper\">\n<iframe title=\"Prof. Dr. Heiner Flassbeck: Der Einfluss des IWF und der Weltbank.\" width=\"500\" height=\"281\" src=\"https:\/\/www.youtube.com\/embed\/T0DTVyJT7XE?feature=oembed\" frameborder=\"0\" allow=\"accelerometer; autoplay; clipboard-write; encrypted-media; gyroscope; picture-in-picture; web-share\" referrerpolicy=\"strict-origin-when-cross-origin\" allowfullscreen><\/iframe>\n<\/div><\/figure>\n\n\n\n<p>Episode 2: Der Einfluss des IWF und der Weltbank.<\/p>\n\n\n\n<figure class=\"wp-block-embed is-type-video is-provider-youtube wp-block-embed-youtube wp-embed-aspect-16-9 wp-has-aspect-ratio\"><div class=\"wp-block-embed__wrapper\">\n<iframe title=\"Prof. Dr. Heiner Flassbeck: \u00dcberwindung der H\u00fcrden.\" width=\"500\" height=\"281\" src=\"https:\/\/www.youtube.com\/embed\/LZ0I0FKzpds?feature=oembed\" frameborder=\"0\" allow=\"accelerometer; autoplay; clipboard-write; encrypted-media; gyroscope; picture-in-picture; web-share\" referrerpolicy=\"strict-origin-when-cross-origin\" allowfullscreen><\/iframe>\n<\/div><\/figure>\n\n\n\n<p>EPISODE 1 - Overcoming the hurdles: A fresh look at cooperation between Africa and the West<\/p>\n\n\n\n<p><\/p>","protected":false},"excerpt":{"rendered":"<p>Open Your Eyes For Africa &#8211; Podcast-Serie Mit unserer Podcast-Serie wollen wir \u00fcber die wirtschaftlichen Herausforderungen in Afrika informieren und geben Antworten f\u00fcr die Ursachen von Armut, Flucht und Migration. Gef\u00f6rdert durch ENGAGEMENT GLOBAL mit Mitteln des BMZ Episode 8: BRICS im globalen Richtfeld. Auswirkungen auf Weltwirtschaft und Afrika Episode 7: Teil 2: Die Notwendigkeit [&hellip;]<\/p>\n","protected":false},"author":1,"featured_media":0,"parent":0,"menu_order":0,"comment_status":"closed","ping_status":"closed","template":"","meta":{"_monsterinsights_skip_tracking":false,"_monsterinsights_sitenote_active":false,"_monsterinsights_sitenote_note":"","_monsterinsights_sitenote_category":0,"site-sidebar-layout":"default","site-content-layout":"default","ast-site-content-layout":"default","site-content-style":"default","site-sidebar-style":"default","ast-global-header-display":"","ast-banner-title-visibility":"","ast-main-header-display":"","ast-hfb-above-header-display":"","ast-hfb-below-header-display":"","ast-hfb-mobile-header-display":"","site-post-title":"disabled","ast-breadcrumbs-content":"","ast-featured-img":"","footer-sml-layout":"","ast-disable-related-posts":"","theme-transparent-header-meta":"disabled","adv-header-id-meta":"","stick-header-meta":"","header-above-stick-meta":"","header-main-stick-meta":"","header-below-stick-meta":"","astra-migrate-meta-layouts":"set","ast-page-background-enabled":"default","ast-page-background-meta":{"desktop":{"background-color":"","background-image":"","background-repeat":"repeat","background-position":"center center","background-size":"auto","background-attachment":"scroll","background-type":"","background-media":"","overlay-type":"","overlay-color":"","overlay-opacity":"","overlay-gradient":""},"tablet":{"background-color":"","background-image":"","background-repeat":"repeat","background-position":"center center","background-size":"auto","background-attachment":"scroll","background-type":"","background-media":"","overlay-type":"","overlay-color":"","overlay-opacity":"","overlay-gradient":""},"mobile":{"background-color":"","background-image":"","background-repeat":"repeat","background-position":"center center","background-size":"auto","background-attachment":"scroll","background-type":"","background-media":"","overlay-type":"","overlay-color":"","overlay-opacity":"","overlay-gradient":""}},"ast-content-background-meta":{"desktop":{"background-color":"var(--ast-global-color-5)","background-image":"","background-repeat":"repeat","background-position":"center center","background-size":"auto","background-attachment":"scroll","background-type":"","background-media":"","overlay-type":"","overlay-color":"","overlay-opacity":"","overlay-gradient":""},"tablet":{"background-color":"var(--ast-global-color-5)","background-image":"","background-repeat":"repeat","background-position":"center center","background-size":"auto","background-attachment":"scroll","background-type":"","background-media":"","overlay-type":"","overlay-color":"","overlay-opacity":"","overlay-gradient":""},"mobile":{"background-color":"var(--ast-global-color-5)","background-image":"","background-repeat":"repeat","background-position":"center center","background-size":"auto","background-attachment":"scroll","background-type":"","background-media":"","overlay-type":"","overlay-color":"","overlay-opacity":"","overlay-gradient":""}},"footnotes":""},"class_list":["post-10345","page","type-page","status-publish","hentry"],"_links":{"self":[{"href":"https:\/\/eurafrican-alliance.de\/en\/wp-json\/wp\/v2\/pages\/10345","targetHints":{"allow":["GET"]}}],"collection":[{"href":"https:\/\/eurafrican-alliance.de\/en\/wp-json\/wp\/v2\/pages"}],"about":[{"href":"https:\/\/eurafrican-alliance.de\/en\/wp-json\/wp\/v2\/types\/page"}],"author":[{"embeddable":true,"href":"https:\/\/eurafrican-alliance.de\/en\/wp-json\/wp\/v2\/users\/1"}],"replies":[{"embeddable":true,"href":"https:\/\/eurafrican-alliance.de\/en\/wp-json\/wp\/v2\/comments?post=10345"}],"version-history":[{"count":62,"href":"https:\/\/eurafrican-alliance.de\/en\/wp-json\/wp\/v2\/pages\/10345\/revisions"}],"predecessor-version":[{"id":10542,"href":"https:\/\/eurafrican-alliance.de\/en\/wp-json\/wp\/v2\/pages\/10345\/revisions\/10542"}],"wp:attachment":[{"href":"https:\/\/eurafrican-alliance.de\/en\/wp-json\/wp\/v2\/media?parent=10345"}],"curies":[{"name":"wp","href":"https:\/\/api.w.org\/{rel}","templated":true}]}}