{"id":10042,"date":"2023-05-25T10:09:37","date_gmt":"2023-05-25T08:09:37","guid":{"rendered":"https:\/\/eurafrican-alliance.de\/?page_id=10042"},"modified":"2025-10-25T12:34:38","modified_gmt":"2025-10-25T10:34:38","slug":"sispende","status":"publish","type":"page","link":"https:\/\/eurafrican-alliance.de\/en\/sispende","title":{"rendered":"SI Spende"},"content":{"rendered":"\t\t<div data-elementor-type=\"wp-page\" data-elementor-id=\"10042\" class=\"elementor elementor-10042\">\n\t\t\t\t\t\t<section class=\"elementor-section elementor-top-section elementor-element elementor-element-15edcfaa elementor-section-boxed elementor-section-height-default elementor-section-height-default\" data-id=\"15edcfaa\" data-element_type=\"section\" data-e-type=\"section\">\n\t\t\t\t\t\t<div class=\"elementor-container elementor-column-gap-default\">\n\t\t\t\t\t<div class=\"elementor-column elementor-col-100 elementor-top-column elementor-element elementor-element-196acd52\" data-id=\"196acd52\" data-element_type=\"column\" data-e-type=\"column\" data-settings=\"{&quot;background_background&quot;:&quot;classic&quot;}\">\n\t\t\t<div class=\"elementor-widget-wrap elementor-element-populated\">\n\t\t\t\t\t\t<div class=\"elementor-element elementor-element-308792a9 elementor-widget elementor-widget-spacer\" data-id=\"308792a9\" data-element_type=\"widget\" data-e-type=\"widget\" data-widget_type=\"spacer.default\">\n\t\t\t\t<div class=\"elementor-widget-container\">\n\t\t\t\t\t\t\t<div class=\"elementor-spacer\">\n\t\t\t<div class=\"elementor-spacer-inner\"><\/div>\n\t\t<\/div>\n\t\t\t\t\t\t<\/div>\n\t\t\t\t<\/div>\n\t\t\t\t<div class=\"elementor-element elementor-element-371d46b7 elementor-widget elementor-widget-shortcode\" data-id=\"371d46b7\" data-element_type=\"widget\" data-e-type=\"widget\" data-widget_type=\"shortcode.default\">\n\t\t\t\t<div class=\"elementor-widget-container\">\n\t\t\t\t\t\t\t<div class=\"elementor-shortcode\">[give_form id=\"9714\"]<\/div>\n\t\t\t\t\t\t<\/div>\n\t\t\t\t<\/div>\n\t\t\t\t<div class=\"elementor-element elementor-element-6678fdca elementor-widget elementor-widget-text-editor\" data-id=\"6678fdca\" data-element_type=\"widget\" data-e-type=\"widget\" data-widget_type=\"text-editor.default\">\n\t\t\t\t<div class=\"elementor-widget-container\">\n\t\t\t\t\t\t\t\t\t<p style=\"text-align: center;\"><span style=\"color: #ffffff;\">Ihre Spende ist nach \u00a7 10 EStG steuerbeg\u00fcnstigt.<br \/><\/span>Vielen Dank f\u00fcr Ihre Gro\u00dfz\u00fcgigkeit!<\/p>\t\t\t\t\t\t\t\t<\/div>\n\t\t\t\t<\/div>\n\t\t\t\t\t<\/div>\n\t\t<\/div>\n\t\t\t\t\t<\/div>\n\t\t<\/section>\n\t\t\t\t<\/div>\n\t\t","protected":false},"excerpt":{"rendered":"<p>Ihre Spende ist nach \u00a7 10 EStG steuerbeg\u00fcnstigt.Vielen Dank f\u00fcr Ihre Gro\u00dfz\u00fcgigkeit! [give_form id=&#8220;9714&#8243;] Ihre Spende ist nach \u00a7 10 EStG steuerbeg\u00fcnstigt.Vielen Dank f\u00fcr Ihre Gro\u00dfz\u00fcgigkeit!<\/p>\n","protected":false},"author":1,"featured_media":0,"parent":0,"menu_order":0,"comment_status":"closed","ping_status":"closed","template":"","meta":{"_monsterinsights_skip_tracking":false,"_monsterinsights_sitenote_active":false,"_monsterinsights_sitenote_note":"","_monsterinsights_sitenote_category":0,"site-sidebar-layout":"no-sidebar","site-content-layout":"page-builder","ast-site-content-layout":"default","site-content-style":"default","site-sidebar-style":"default","ast-global-header-display":"","ast-banner-title-visibility":"","ast-main-header-display":"","ast-hfb-above-header-display":"","ast-hfb-below-header-display":"","ast-hfb-mobile-header-display":"","site-post-title":"disabled","ast-breadcrumbs-content":"","ast-featured-img":"disabled","footer-sml-layout":"","ast-disable-related-posts":"","theme-transparent-header-meta":"","adv-header-id-meta":"","stick-header-meta":"","header-above-stick-meta":"","header-main-stick-meta":"","header-below-stick-meta":"","astra-migrate-meta-layouts":"default","ast-page-background-enabled":"default","ast-page-background-meta":{"desktop":{"background-color":"","background-image":"","background-repeat":"repeat","background-position":"center center","background-size":"auto","background-attachment":"scroll","background-type":"","background-media":"","overlay-type":"","overlay-color":"","overlay-opacity":"","overlay-gradient":""},"tablet":{"background-color":"","background-image":"","background-repeat":"repeat","background-position":"center center","background-size":"auto","background-attachment":"scroll","background-type":"","background-media":"","overlay-type":"","overlay-color":"","overlay-opacity":"","overlay-gradient":""},"mobile":{"background-color":"","background-image":"","background-repeat":"repeat","background-position":"center center","background-size":"auto","background-attachment":"scroll","background-type":"","background-media":"","overlay-type":"","overlay-color":"","overlay-opacity":"","overlay-gradient":""}},"ast-content-background-meta":{"desktop":{"background-color":"var(--ast-global-color-5)","background-image":"","background-repeat":"repeat","background-position":"center center","background-size":"auto","background-attachment":"scroll","background-type":"","background-media":"","overlay-type":"","overlay-color":"","overlay-opacity":"","overlay-gradient":""},"tablet":{"background-color":"var(--ast-global-color-5)","background-image":"","background-repeat":"repeat","background-position":"center center","background-size":"auto","background-attachment":"scroll","background-type":"","background-media":"","overlay-type":"","overlay-color":"","overlay-opacity":"","overlay-gradient":""},"mobile":{"background-color":"var(--ast-global-color-5)","background-image":"","background-repeat":"repeat","background-position":"center center","background-size":"auto","background-attachment":"scroll","background-type":"","background-media":"","overlay-type":"","overlay-color":"","overlay-opacity":"","overlay-gradient":""}},"footnotes":""},"class_list":["post-10042","page","type-page","status-publish","hentry"],"_links":{"self":[{"href":"https:\/\/eurafrican-alliance.de\/en\/wp-json\/wp\/v2\/pages\/10042","targetHints":{"allow":["GET"]}}],"collection":[{"href":"https:\/\/eurafrican-alliance.de\/en\/wp-json\/wp\/v2\/pages"}],"about":[{"href":"https:\/\/eurafrican-alliance.de\/en\/wp-json\/wp\/v2\/types\/page"}],"author":[{"embeddable":true,"href":"https:\/\/eurafrican-alliance.de\/en\/wp-json\/wp\/v2\/users\/1"}],"replies":[{"embeddable":true,"href":"https:\/\/eurafrican-alliance.de\/en\/wp-json\/wp\/v2\/comments?post=10042"}],"version-history":[{"count":10,"href":"https:\/\/eurafrican-alliance.de\/en\/wp-json\/wp\/v2\/pages\/10042\/revisions"}],"predecessor-version":[{"id":10584,"href":"https:\/\/eurafrican-alliance.de\/en\/wp-json\/wp\/v2\/pages\/10042\/revisions\/10584"}],"wp:attachment":[{"href":"https:\/\/eurafrican-alliance.de\/en\/wp-json\/wp\/v2\/media?parent=10042"}],"curies":[{"name":"wp","href":"https:\/\/api.w.org\/{rel}","templated":true}]}}