{"id":1452,"date":"2020-05-12T15:26:01","date_gmt":"2020-05-12T13:26:01","guid":{"rendered":"https:\/\/eurafrican-alliance.de\/?page_id=1452"},"modified":"2025-02-25T00:36:18","modified_gmt":"2025-02-24T22:36:18","slug":"transparency","status":"publish","type":"page","link":"https:\/\/eurafrican-alliance.de\/de_de\/transparency","title":{"rendered":"Transparency"},"content":{"rendered":"\t\t<div data-elementor-type=\"wp-page\" data-elementor-id=\"1452\" class=\"elementor elementor-1452\">\n\t\t\t\t\t\t<section class=\"elementor-section elementor-top-section elementor-element elementor-element-fd5d67f elementor-section-boxed elementor-section-height-default elementor-section-height-default\" data-id=\"fd5d67f\" data-element_type=\"section\" data-e-type=\"section\">\n\t\t\t\t\t\t<div class=\"elementor-container elementor-column-gap-default\">\n\t\t\t\t\t<div class=\"elementor-column elementor-col-100 elementor-top-column elementor-element elementor-element-f8136d9\" data-id=\"f8136d9\" data-element_type=\"column\" data-e-type=\"column\">\n\t\t\t<div class=\"elementor-widget-wrap elementor-element-populated\">\n\t\t\t\t\t\t<div class=\"elementor-element elementor-element-533efc4 elementor-widget elementor-widget-heading\" data-id=\"533efc4\" data-element_type=\"widget\" data-e-type=\"widget\" data-widget_type=\"heading.default\">\n\t\t\t\t<div class=\"elementor-widget-container\">\n\t\t\t\t\t<h2 class=\"elementor-heading-title elementor-size-default\">Transparenz - Initiative Transparente Zivilgesellschaft: Wir sind dabei!<\/h2>\t\t\t\t<\/div>\n\t\t\t\t<\/div>\n\t\t\t\t<div class=\"elementor-element elementor-element-d53edbb elementor-widget elementor-widget-spacer\" data-id=\"d53edbb\" data-element_type=\"widget\" data-e-type=\"widget\" data-widget_type=\"spacer.default\">\n\t\t\t\t<div class=\"elementor-widget-container\">\n\t\t\t\t\t\t\t<div class=\"elementor-spacer\">\n\t\t\t<div class=\"elementor-spacer-inner\"><\/div>\n\t\t<\/div>\n\t\t\t\t\t\t<\/div>\n\t\t\t\t<\/div>\n\t\t\t\t<div class=\"elementor-element elementor-element-4f21089 elementor-widget elementor-widget-text-editor\" data-id=\"4f21089\" data-element_type=\"widget\" data-e-type=\"widget\" data-widget_type=\"text-editor.default\">\n\t\t\t\t<div class=\"elementor-widget-container\">\n\t\t\t\t\t\t\t\t\t<p><strong>1. Name, Sitz, Anschrift und Gr\u00fcndungsjahr<\/strong><\/p><ul><li>zu\u00a0<span style=\"text-decoration: underline;\"><a href=\"https:\/\/eurafrican-alliance.de\/kontakt\">Name, Sitz, Anschrift<\/a><\/span><\/li><li>Gr\u00fcndungsjahr 2020<\/li><\/ul><p><strong>2. Vollst\u00e4ndige Satzung sowie Angaben zu den Zielen unserer Organisation<\/strong><\/p><ul><li>zur\u00a0<span style=\"text-decoration: underline;\"><a title=\"\u00d6ffnet internen Link im aktuellen Fenster\" href=\"https:\/\/eurafrican-alliance.de\/satzung\">Satzung<\/a><\/span><\/li><\/ul><p><strong>3. Angaben zur Steuerbeg\u00fcnstigung<\/strong><\/p><ul><li><p>Wir sind wegen der F\u00f6rderung der Entwicklungszusammenarbeit durch der Feststellungsbescheid nach \u00a760a Abs. 1AO Bescheinigung des Finanzamtes Pforzheim, Steuernummer 41435\/72108 als steuerbeg\u00fcnstigten Zwecken dienend anerkannt.<\/p><\/li><\/ul><p><strong>4. Name und Funktion wesentlicher Entscheidungstr\u00e4ger<\/strong><\/p><ul><li>zum <span style=\"text-decoration: underline;\"><a href=\"https:\/\/eurafrican-alliance.de\/personalstruktur\">Name und Funktionen<\/a><\/span><\/li><\/ul><p><strong>5. T\u00e4tigkeitsbericht<\/strong><\/p><ul><li>Da Eurafrican-Alliance e.V. erst 2020 gegr\u00fcndet worden ist, liegt noch kein Jahresbericht vor. Die Informationen werden hier ver\u00f6ffentlicht sobald sie zur Verf\u00fcgung stehen, sp\u00e4testens 12 Monate nach Ablauf des ersten Gesch\u00e4ftsjahres.<\/li><\/ul><p><strong>6. Personalstruktur<\/strong><\/p><ul><li>zum <span style=\"text-decoration: underline;\"><a href=\"https:\/\/eurafrican-alliance.de\/personalstruktur\">Personalstruktur<\/a><\/span><\/li><\/ul><p><strong>7. Angaben zur Mittelherkunft<\/strong><\/p><ul><li>Der Verein finanziert sich ausschlie\u00dflich durch Spenden und Zusch\u00fcsse.<\/li><\/ul><p><strong>8. Angaben zur Mittelverwendung<\/strong><\/p><ul><li><span style=\"text-decoration: underline;\"><a href=\"https:\/\/eurafrican-alliance.de\/wp-content\/uploads\/2023\/10\/Kassenbericht.pdf\" target=\"_blank\" rel=\"noopener\">Kassenbericht 2020 &#8211; 2022<\/a><\/span><\/li><li><span style=\"text-decoration: underline;\"><a href=\"https:\/\/eurafrican-alliance.de\/wp-content\/uploads\/2025\/02\/Kassenbericht-2023.pdf\" target=\"_blank\" rel=\"noopener\">Kassenbericht 2023<\/a><\/span><\/li><li><span style=\"text-decoration: underline;\"><a href=\"https:\/\/eurafrican-alliance.de\/wp-content\/uploads\/2025\/02\/Kassenbericht-2024.pdf\" target=\"_blank\" rel=\"noopener\">Kassenbericht 2024<\/a><\/span><\/li><\/ul><p><strong>9. Gesellschaftsrechtliche Verbundenheit mit Dritten<\/strong><\/p><ul><li>Keine<\/li><\/ul><p><strong>10. Namen von juristischen Personen, deren j\u00e4hrliche Zahlungen mehr als 10 % des Gesamtjahresbudgets ausmachen<\/strong><\/p><ul><li>Keine<\/li><\/ul>\t\t\t\t\t\t\t\t<\/div>\n\t\t\t\t<\/div>\n\t\t\t\t\t<\/div>\n\t\t<\/div>\n\t\t\t\t\t<\/div>\n\t\t<\/section>\n\t\t\t\t<\/div>\n\t\t","protected":false},"excerpt":{"rendered":"<p>Transparenz &#8211; Initiative Transparente Zivilgesellschaft: Wir sind dabei! 1. Name, Sitz, Anschrift und Gr\u00fcndungsjahr zu\u00a0Name, Sitz, Anschrift Gr\u00fcndungsjahr 2020 2. Vollst\u00e4ndige Satzung sowie Angaben zu den Zielen unserer Organisation zur\u00a0Satzung 3. Angaben zur Steuerbeg\u00fcnstigung Wir sind wegen der F\u00f6rderung der Entwicklungszusammenarbeit durch der Feststellungsbescheid nach \u00a760a Abs. 1AO Bescheinigung des Finanzamtes Pforzheim, Steuernummer 41435\/72108 als [&hellip;]<\/p>\n","protected":false},"author":1,"featured_media":0,"parent":0,"menu_order":0,"comment_status":"closed","ping_status":"closed","template":"","meta":{"_monsterinsights_skip_tracking":false,"_monsterinsights_sitenote_active":false,"_monsterinsights_sitenote_note":"","_monsterinsights_sitenote_category":0,"site-sidebar-layout":"default","site-content-layout":"default","ast-site-content-layout":"default","site-content-style":"default","site-sidebar-style":"default","ast-global-header-display":"","ast-banner-title-visibility":"","ast-main-header-display":"","ast-hfb-above-header-display":"","ast-hfb-below-header-display":"","ast-hfb-mobile-header-display":"","site-post-title":"disabled","ast-breadcrumbs-content":"","ast-featured-img":"","footer-sml-layout":"","ast-disable-related-posts":"","theme-transparent-header-meta":"default","adv-header-id-meta":"","stick-header-meta":"","header-above-stick-meta":"","header-main-stick-meta":"","header-below-stick-meta":"","astra-migrate-meta-layouts":"default","ast-page-background-enabled":"default","ast-page-background-meta":{"desktop":{"background-color":"","background-image":"","background-repeat":"repeat","background-position":"center center","background-size":"auto","background-attachment":"scroll","background-type":"","background-media":"","overlay-type":"","overlay-color":"","overlay-opacity":"","overlay-gradient":""},"tablet":{"background-color":"","background-image":"","background-repeat":"repeat","background-position":"center center","background-size":"auto","background-attachment":"scroll","background-type":"","background-media":"","overlay-type":"","overlay-color":"","overlay-opacity":"","overlay-gradient":""},"mobile":{"background-color":"","background-image":"","background-repeat":"repeat","background-position":"center center","background-size":"auto","background-attachment":"scroll","background-type":"","background-media":"","overlay-type":"","overlay-color":"","overlay-opacity":"","overlay-gradient":""}},"ast-content-background-meta":{"desktop":{"background-color":"var(--ast-global-color-5)","background-image":"","background-repeat":"repeat","background-position":"center center","background-size":"auto","background-attachment":"scroll","background-type":"","background-media":"","overlay-type":"","overlay-color":"","overlay-opacity":"","overlay-gradient":""},"tablet":{"background-color":"var(--ast-global-color-5)","background-image":"","background-repeat":"repeat","background-position":"center center","background-size":"auto","background-attachment":"scroll","background-type":"","background-media":"","overlay-type":"","overlay-color":"","overlay-opacity":"","overlay-gradient":""},"mobile":{"background-color":"var(--ast-global-color-5)","background-image":"","background-repeat":"repeat","background-position":"center center","background-size":"auto","background-attachment":"scroll","background-type":"","background-media":"","overlay-type":"","overlay-color":"","overlay-opacity":"","overlay-gradient":""}},"footnotes":""},"class_list":["post-1452","page","type-page","status-publish","hentry"],"_links":{"self":[{"href":"https:\/\/eurafrican-alliance.de\/de_de\/wp-json\/wp\/v2\/pages\/1452","targetHints":{"allow":["GET"]}}],"collection":[{"href":"https:\/\/eurafrican-alliance.de\/de_de\/wp-json\/wp\/v2\/pages"}],"about":[{"href":"https:\/\/eurafrican-alliance.de\/de_de\/wp-json\/wp\/v2\/types\/page"}],"author":[{"embeddable":true,"href":"https:\/\/eurafrican-alliance.de\/de_de\/wp-json\/wp\/v2\/users\/1"}],"replies":[{"embeddable":true,"href":"https:\/\/eurafrican-alliance.de\/de_de\/wp-json\/wp\/v2\/comments?post=1452"}],"version-history":[{"count":18,"href":"https:\/\/eurafrican-alliance.de\/de_de\/wp-json\/wp\/v2\/pages\/1452\/revisions"}],"predecessor-version":[{"id":10507,"href":"https:\/\/eurafrican-alliance.de\/de_de\/wp-json\/wp\/v2\/pages\/1452\/revisions\/10507"}],"wp:attachment":[{"href":"https:\/\/eurafrican-alliance.de\/de_de\/wp-json\/wp\/v2\/media?parent=1452"}],"curies":[{"name":"wp","href":"https:\/\/api.w.org\/{rel}","templated":true}]}}