{"id":11,"date":"2018-11-26T12:45:57","date_gmt":"2018-11-26T12:45:57","guid":{"rendered":"https:\/\/websitedemos.net\/alex26\/?page_id=7"},"modified":"2023-08-31T16:01:34","modified_gmt":"2023-08-31T14:01:34","slug":"ueber-uns","status":"publish","type":"page","link":"https:\/\/eurafrican-alliance.de\/de_de\/ueber-uns","title":{"rendered":"\u00dcber uns"},"content":{"rendered":"\t\t<div data-elementor-type=\"wp-post\" data-elementor-id=\"11\" class=\"elementor elementor-11\">\n\t\t\t\t\t\t<section class=\"elementor-section elementor-top-section elementor-element elementor-element-688ad38 elementor-section-content-middle elementor-section-boxed elementor-section-height-default elementor-section-height-default\" data-id=\"688ad38\" data-element_type=\"section\" data-e-type=\"section\" data-settings=\"{&quot;background_background&quot;:&quot;classic&quot;}\">\n\t\t\t\t\t\t\t<div class=\"elementor-background-overlay\"><\/div>\n\t\t\t\t\t\t\t<div class=\"elementor-container elementor-column-gap-no\">\n\t\t\t\t\t<div class=\"elementor-column elementor-col-100 elementor-top-column elementor-element elementor-element-148e58a\" data-id=\"148e58a\" data-element_type=\"column\" data-e-type=\"column\">\n\t\t\t<div class=\"elementor-widget-wrap elementor-element-populated\">\n\t\t\t\t\t\t<div class=\"elementor-element elementor-element-d915ffa elementor-hidden-desktop elementor-widget elementor-widget-heading\" data-id=\"d915ffa\" data-element_type=\"widget\" data-e-type=\"widget\" data-widget_type=\"heading.default\">\n\t\t\t\t<div class=\"elementor-widget-container\">\n\t\t\t\t\t<h1 class=\"elementor-heading-title elementor-size-default\">Lebendige Br\u00fccke zwischen \nEuropa und Afrika <\/h1>\t\t\t\t<\/div>\n\t\t\t\t<\/div>\n\t\t\t\t<div class=\"elementor-element elementor-element-07c7d02 elementor-hidden-tablet elementor-hidden-mobile elementor-widget elementor-widget-heading\" data-id=\"07c7d02\" data-element_type=\"widget\" data-e-type=\"widget\" data-widget_type=\"heading.default\">\n\t\t\t\t<div class=\"elementor-widget-container\">\n\t\t\t\t\t<h1 class=\"elementor-heading-title elementor-size-default\">Lebendige Br\u00fccke zwischen \nEuropa und Afrika <\/h1>\t\t\t\t<\/div>\n\t\t\t\t<\/div>\n\t\t\t\t\t<\/div>\n\t\t<\/div>\n\t\t\t\t\t<\/div>\n\t\t<\/section>\n\t\t\t\t<section class=\"elementor-section elementor-top-section elementor-element elementor-element-58799fc elementor-hidden-desktop elementor-section-boxed elementor-section-height-default elementor-section-height-default\" data-id=\"58799fc\" data-element_type=\"section\" data-e-type=\"section\">\n\t\t\t\t\t\t<div class=\"elementor-container elementor-column-gap-default\">\n\t\t\t\t\t<div class=\"elementor-column elementor-col-100 elementor-top-column elementor-element elementor-element-6b6927a\" data-id=\"6b6927a\" data-element_type=\"column\" data-e-type=\"column\">\n\t\t\t<div class=\"elementor-widget-wrap elementor-element-populated\">\n\t\t\t\t\t\t<div class=\"elementor-element elementor-element-5fde8a2 elementor-widget elementor-widget-text-editor\" data-id=\"5fde8a2\" data-element_type=\"widget\" data-e-type=\"widget\" data-widget_type=\"text-editor.default\">\n\t\t\t\t<div class=\"elementor-widget-container\">\n\t\t\t\t\t\t\t\t\t<p style=\"text-align: right;\">Foto: Lekki Bridge, Ikoyi, Lagos, Nigeria.<\/p>\t\t\t\t\t\t\t\t<\/div>\n\t\t\t\t<\/div>\n\t\t\t\t<div class=\"elementor-element elementor-element-1d47136 elementor-widget elementor-widget-text-editor\" data-id=\"1d47136\" data-element_type=\"widget\" data-e-type=\"widget\" data-widget_type=\"text-editor.default\">\n\t\t\t\t<div class=\"elementor-widget-container\">\n\t\t\t\t\t\t\t\t\t<p>Der Verein Eurafrican-Alliance wurde am 15.02.2020 gegr\u00fcndet. <span style=\"font-weight: 400;\">Wir sind ein deutscher Verein, der gemeinn\u00fctzige Projekte in Afrika f\u00f6rdert. Unser Ziel ist es, f\u00fcr Nahrungs- und Arbeitssicherung zu sorgen, um dadurch Bildung zu erm\u00f6glichen.<\/span><\/p><p><span style=\"font-weight: 400;\">Afrika ist nicht nur Europas Nachbarkontinent, sondern auch die Weltregion mit dem st\u00e4rksten Bev\u00f6lkerungswachstum. W\u00e4hrend heute 1,3 Milliarden Menschen auf dem Kontinent leben, werden es laut dem Berliner Institut f\u00fcr Bev\u00f6lkerung und Entwicklung 2050 schon 2,5 Milliarden.\u00a0<\/span><span style=\"font-weight: 400;\">Der rasche Zuwachs an Einwohnern versch\u00e4rft die ohnehin schon vielen Herausforderungen in den afrikanischen Staaten. Als Bev\u00f6lkerungsreichstes Land Afrikas hat Nigeria die Chance, wie damals Indien Millionen von Menschen aus der Armut zu befreien.\u00a0 (2017 &#8211; 2021 hat Indien die Armutsrate von 60% auf 17,7% reduziert. Quelle: SOS Kinderdorf)<\/span><\/p><p><span style=\"font-weight: 400;\">Eurafrican-Alliance besch\u00e4ftigt sich mit der Problemanalyse. In diversen Events wie Podiumsdiskussionen und Webinaren mit Experten bekommen die Teilnehmer ein Verst\u00e4ndnis \u00fcber die Hintergr\u00fcnde der Situation Afrikas. <\/span><span style=\"font-weight: 400;\">Des Weiteren m\u00f6chten wir L\u00f6sungsans\u00e4tze f\u00fcr etwaige Probleme des afrikanischen Wirtschaftssektors bieten.<\/span><\/p><p><span style=\"font-weight: 400;\">Wir suchen und f\u00f6rdern nachhaltige und innovative Projekte, die in Gemeinden langfristig Arbeitspl\u00e4tze schaffen und dabei helfen, die infrastrukturellen M\u00e4ngel wie Elektrizit\u00e4t oder Wasser zu beheben.<\/span><\/p><p>Unsere Vision als Verein ist es unabh\u00e4ngige afrikanische Staaten dabei zu unterst\u00fctzen nicht mehr auf externe Hilfe angewiesen zu sein, sondern als gleichwertige Partner im globalen Konstrukt agieren zu k\u00f6nnen. Des Weiteren wollen wir f\u00fcr zuk\u00fcnftige Generationen ein Fundament von Freundschaft, Zusammenhalt und Akzeptanz schaffen.<\/p>\t\t\t\t\t\t\t\t<\/div>\n\t\t\t\t<\/div>\n\t\t\t\t\t<\/div>\n\t\t<\/div>\n\t\t\t\t\t<\/div>\n\t\t<\/section>\n\t\t\t\t<section class=\"elementor-section elementor-top-section elementor-element elementor-element-26ffdea elementor-hidden-tablet elementor-hidden-mobile elementor-section-boxed elementor-section-height-default elementor-section-height-default\" data-id=\"26ffdea\" data-element_type=\"section\" data-e-type=\"section\">\n\t\t\t\t\t\t<div class=\"elementor-container elementor-column-gap-default\">\n\t\t\t\t\t<div class=\"elementor-column elementor-col-100 elementor-top-column elementor-element elementor-element-f1506a9\" data-id=\"f1506a9\" data-element_type=\"column\" data-e-type=\"column\">\n\t\t\t<div class=\"elementor-widget-wrap elementor-element-populated\">\n\t\t\t\t\t\t<div class=\"elementor-element elementor-element-787a555 elementor-widget elementor-widget-text-editor\" data-id=\"787a555\" data-element_type=\"widget\" data-e-type=\"widget\" data-widget_type=\"text-editor.default\">\n\t\t\t\t<div class=\"elementor-widget-container\">\n\t\t\t\t\t\t\t\t\t<p style=\"text-align: right;\">Foto: Lekki Bridge, Ikoyi, Lagos, Nigeria.<\/p>\t\t\t\t\t\t\t\t<\/div>\n\t\t\t\t<\/div>\n\t\t\t\t<div class=\"elementor-element elementor-element-1532c13 elementor-widget elementor-widget-text-editor\" data-id=\"1532c13\" data-element_type=\"widget\" data-e-type=\"widget\" data-widget_type=\"text-editor.default\">\n\t\t\t\t<div class=\"elementor-widget-container\">\n\t\t\t\t\t\t\t\t\t<p class=\"p1\"><span class=\"s1\">Der Verein Eurafrican-Alliance wurde am 15.02.2020 gegr\u00fcndet. Wir sind ein deutscher Verein, der gemeinn\u00fctzige Projekte in Afrika f\u00f6rdert. Unser Ziel ist es, f\u00fcr Nahrungs- und Arbeitssicherung zu sorgen, um dadurch\u00a0Bildung zu erm\u00f6glichen.\u00a0<\/span><\/p><p class=\"p1\"><span class=\"s1\">Afrika ist nicht nur Europas Nachbarkontinent, sondern auch die Weltregion mit dem st\u00e4rksten Bev\u00f6lkerungswachstum. W\u00e4hrend heute 1,3 Milliarden Menschen auf dem Kontinent leben, werden es laut dem Berliner Institut f\u00fcr Bev\u00f6lkerung und Entwicklung 2050 schon 2,5 Milliarden.\u00a0Der rasche Zuwachs an Einwohnern versch\u00e4rft die ohnehin schon prik\u00e4re Lage in den afrikanischen Staaten.\u00a0<\/span><\/p><p class=\"p1\"><span class=\"s1\">Vielerorts w\u00e4chst die Wirtschaft dynamisch \u2013 doch nicht stark genug, um mit dem schnellen Wachstum <\/span><span class=\"s1\">der Bev\u00f6lkerung mitzuhalten. <\/span><\/p><p class=\"p1\"><span class=\"s1\">Unsichere Arbeitsverh\u00e4ltnisse mit niedrigen L\u00f6hnen sind verbreitet. Eine hohe Arbeitslosigkeit ist in Afrika an der Tagesordnung, vor allem bei Jungen Erwachsenen (Arbeitslosigkeit von Jungen Erwachsenen 53,3% Nigeria), diese Aussichtslosigkeit f\u00fchrt zu Fl\u00fcchtlingswellen nach Europa.<\/span><\/p><p class=\"p1\"><span class=\"s1\">Durch die hohe Bev\u00f6lkerungsdichte und einer nicht vorhandenen Abfallwirtschaft entstehen Siedlungsabf\u00e4lle. Oft landen die Abf\u00e4lle am Stra\u00dfenrand, in Fl\u00fcssen und auf unkontrollierten Deponien oder sie werden unsachgem\u00e4\u00df in Hinterh\u00f6fen verbrannt. Schlechte Luft, verschmutztes Wasser und verseuchte B\u00f6den sind die Folge.<\/span><\/p><p class=\"p1\"><span class=\"s1\">Der\u00a0afrikanische\u00a0Kontinent tr\u00e4gt mehr als 22% der weltweiten Krankheitslast, aber verf\u00fcgt nur \u00fcber 3% der \u00c4rzte und des Gesundheitspersonals weltweit und \u00fcber weniger als 1% der weltweiten finanziellen Ressourcen.\u00a0<\/span><\/p><p class=\"p1\"><span class=\"s1\">In den sechziger Jahren war die kostenlose Gesundheitsversorgung noch ein Grundrecht und das \u00f6ffentliche Gesundheitswesen sollte sich zu hundert Prozent aus Steuern finanzieren. Das erwies sich schnell als Illusion. Die internationale Schuldenkrise in den Achtzigern hatte drastische Auswirkungen auf die Gesundheitsbudgets in den Staatshaushalten.\u00a0In Reaktion auf diese Situation wurde\u00a0die\u00a0direkte Barzahlung der Patienten Vorort\u00a0und zum Zeitpunkt der Inanspruchnahme von medizinischen Leistungen\u00a0eingef\u00fchrt. Die Kosten f\u00fcr die Behandlung von Krankheiten wie bspw. einem Blinddarm Tumor oder einer Blinddarm\u00a0Infektion sind weit \u00fcber dem Durchschnittsgehalt und entsprechen mindestens 3-4\u00a0Monatsgeh\u00e4lter. Ohne einen sicheren Arbeitsplatz und eine gerechte Bezahlung sind diese Dinge nicht m\u00f6glich. Das erkl\u00e4rt, warum die Sterberate in Afrika am h\u00f6chsten ist.<\/span><\/p><p class=\"p1\"><span class=\"s1\">Der Verein Eurafrican Alliance m\u00f6chte gemeinsam mit eurer Unterst\u00fctzung nachhaltige Hilfe zur Selbsthilfe schaffen.<\/span><\/p><p class=\"p1\"><span class=\"s1\">Wir suchen und f\u00f6rdern nachhaltige und innovative Projekte, die in Gemeinden langfristig Arbeitspl\u00e4tze schaffen und dabei helfen die infrastrukturellen M\u00e4ngel wie Elektrizit\u00e4t und Wasser zu beheben.<\/span><\/p><p class=\"p1\"><span class=\"s1\">Des Weiteren besch\u00e4ftigt sich Eurafrican-Alliance mit der Problemanalyse. In diversen Events wie Podiumsdiskussionen und Webinaren mit Experten bekommen die Teilnehmer ein Verst\u00e4ndnis \u00fcber die Hintergr\u00fcnde der Situation Afrikas. Au\u00dferdem m\u00f6chten wir L\u00f6sungsans\u00e4tze f\u00fcr etwaige Probleme des afrikanischen Wirtschaftssektors bieten.<\/span><\/p><p class=\"p1\"><span class=\"s1\">Unsere Vision als Verein ist es unabh\u00e4ngige afrikanische Staaten dabei zu unterst\u00fctzen nicht mehr auf externe Hilfe angewiesen zu sein, sodass sie\u00a0als gleichwertige Partner im globalen Konstrukt agieren zu k\u00f6nnen. Zudem wollen wir f\u00fcr zuk\u00fcnftige Generationen ein Fundament von Freundschaft, Zusammenhalt und Akzeptanz schaffen.<\/span><\/p>\t\t\t\t\t\t\t\t<\/div>\n\t\t\t\t<\/div>\n\t\t\t\t\t<\/div>\n\t\t<\/div>\n\t\t\t\t\t<\/div>\n\t\t<\/section>\n\t\t\t\t<\/div>\n\t\t","protected":false},"excerpt":{"rendered":"<p>Lebendige Br\u00fccke zwischen Europa und Afrika Lebendige Br\u00fccke zwischen Europa und Afrika Foto: Lekki Bridge, Ikoyi, Lagos, Nigeria. Der Verein Eurafrican-Alliance wurde am 15.02.2020 gegr\u00fcndet. Wir sind ein deutscher Verein, der gemeinn\u00fctzige Projekte in Afrika f\u00f6rdert. Unser Ziel ist es, f\u00fcr Nahrungs- und Arbeitssicherung zu sorgen, um dadurch Bildung zu erm\u00f6glichen. Afrika ist nicht nur [&hellip;]<\/p>\n","protected":false},"author":1,"featured_media":0,"parent":0,"menu_order":0,"comment_status":"closed","ping_status":"closed","template":"","meta":{"_monsterinsights_skip_tracking":false,"_monsterinsights_sitenote_active":false,"_monsterinsights_sitenote_note":"","_monsterinsights_sitenote_category":0,"site-sidebar-layout":"no-sidebar","site-content-layout":"page-builder","ast-site-content-layout":"default","site-content-style":"default","site-sidebar-style":"default","ast-global-header-display":"","ast-banner-title-visibility":"","ast-main-header-display":"","ast-hfb-above-header-display":"","ast-hfb-below-header-display":"","ast-hfb-mobile-header-display":"","site-post-title":"disabled","ast-breadcrumbs-content":"","ast-featured-img":"disabled","footer-sml-layout":"","ast-disable-related-posts":"","theme-transparent-header-meta":"enabled","adv-header-id-meta":"","stick-header-meta":"","header-above-stick-meta":"","header-main-stick-meta":"","header-below-stick-meta":"","astra-migrate-meta-layouts":"default","ast-page-background-enabled":"default","ast-page-background-meta":{"desktop":{"background-color":"","background-image":"","background-repeat":"repeat","background-position":"center center","background-size":"auto","background-attachment":"scroll","background-type":"","background-media":"","overlay-type":"","overlay-color":"","overlay-opacity":"","overlay-gradient":""},"tablet":{"background-color":"","background-image":"","background-repeat":"repeat","background-position":"center center","background-size":"auto","background-attachment":"scroll","background-type":"","background-media":"","overlay-type":"","overlay-color":"","overlay-opacity":"","overlay-gradient":""},"mobile":{"background-color":"","background-image":"","background-repeat":"repeat","background-position":"center center","background-size":"auto","background-attachment":"scroll","background-type":"","background-media":"","overlay-type":"","overlay-color":"","overlay-opacity":"","overlay-gradient":""}},"ast-content-background-meta":{"desktop":{"background-color":"var(--ast-global-color-5)","background-image":"","background-repeat":"repeat","background-position":"center center","background-size":"auto","background-attachment":"scroll","background-type":"","background-media":"","overlay-type":"","overlay-color":"","overlay-opacity":"","overlay-gradient":""},"tablet":{"background-color":"var(--ast-global-color-5)","background-image":"","background-repeat":"repeat","background-position":"center center","background-size":"auto","background-attachment":"scroll","background-type":"","background-media":"","overlay-type":"","overlay-color":"","overlay-opacity":"","overlay-gradient":""},"mobile":{"background-color":"var(--ast-global-color-5)","background-image":"","background-repeat":"repeat","background-position":"center center","background-size":"auto","background-attachment":"scroll","background-type":"","background-media":"","overlay-type":"","overlay-color":"","overlay-opacity":"","overlay-gradient":""}},"footnotes":""},"class_list":["post-11","page","type-page","status-publish","hentry"],"_links":{"self":[{"href":"https:\/\/eurafrican-alliance.de\/de_de\/wp-json\/wp\/v2\/pages\/11","targetHints":{"allow":["GET"]}}],"collection":[{"href":"https:\/\/eurafrican-alliance.de\/de_de\/wp-json\/wp\/v2\/pages"}],"about":[{"href":"https:\/\/eurafrican-alliance.de\/de_de\/wp-json\/wp\/v2\/types\/page"}],"author":[{"embeddable":true,"href":"https:\/\/eurafrican-alliance.de\/de_de\/wp-json\/wp\/v2\/users\/1"}],"replies":[{"embeddable":true,"href":"https:\/\/eurafrican-alliance.de\/de_de\/wp-json\/wp\/v2\/comments?post=11"}],"version-history":[{"count":25,"href":"https:\/\/eurafrican-alliance.de\/de_de\/wp-json\/wp\/v2\/pages\/11\/revisions"}],"predecessor-version":[{"id":10372,"href":"https:\/\/eurafrican-alliance.de\/de_de\/wp-json\/wp\/v2\/pages\/11\/revisions\/10372"}],"wp:attachment":[{"href":"https:\/\/eurafrican-alliance.de\/de_de\/wp-json\/wp\/v2\/media?parent=11"}],"curies":[{"name":"wp","href":"https:\/\/api.w.org\/{rel}","templated":true}]}}