{"id":1052,"date":"2020-04-15T12:51:32","date_gmt":"2020-04-15T12:51:32","guid":{"rendered":"https:\/\/eurafrican-alliance.de\/?page_id=1052"},"modified":"2023-04-29T13:31:30","modified_gmt":"2023-04-29T11:31:30","slug":"co-vid-19-emergency-aid","status":"publish","type":"page","link":"https:\/\/eurafrican-alliance.de\/de_de\/co-vid-19-emergency-aid","title":{"rendered":"Co-Vid 19 Emergency Aid"},"content":{"rendered":"\t\t<div data-elementor-type=\"wp-page\" data-elementor-id=\"1052\" class=\"elementor elementor-1052\">\n\t\t\t\t\t\t<section class=\"elementor-section elementor-top-section elementor-element elementor-element-600bee7 elementor-section-boxed elementor-section-height-default elementor-section-height-default\" data-id=\"600bee7\" data-element_type=\"section\" data-e-type=\"section\">\n\t\t\t\t\t\t<div class=\"elementor-container elementor-column-gap-default\">\n\t\t\t\t\t<div class=\"elementor-column elementor-col-100 elementor-top-column elementor-element elementor-element-a8b5ddf\" data-id=\"a8b5ddf\" data-element_type=\"column\" data-e-type=\"column\">\n\t\t\t<div class=\"elementor-widget-wrap elementor-element-populated\">\n\t\t\t\t\t\t<div class=\"elementor-element elementor-element-e0deb05 elementor-widget elementor-widget-heading\" data-id=\"e0deb05\" data-element_type=\"widget\" data-e-type=\"widget\" data-widget_type=\"heading.default\">\n\t\t\t\t<div class=\"elementor-widget-container\">\n\t\t\t\t\t<h2 class=\"elementor-heading-title elementor-size-default\">Co-Vid 19 Emergency Aid<\/h2>\t\t\t\t<\/div>\n\t\t\t\t<\/div>\n\t\t\t\t\t<\/div>\n\t\t<\/div>\n\t\t\t\t\t<\/div>\n\t\t<\/section>\n\t\t\t\t<section class=\"elementor-section elementor-top-section elementor-element elementor-element-4b168221 elementor-section-boxed elementor-section-height-default elementor-section-height-default\" data-id=\"4b168221\" data-element_type=\"section\" data-e-type=\"section\">\n\t\t\t\t\t\t<div class=\"elementor-container elementor-column-gap-default\">\n\t\t\t\t\t<div class=\"elementor-column elementor-col-100 elementor-top-column elementor-element elementor-element-4ebb464c\" data-id=\"4ebb464c\" data-element_type=\"column\" data-e-type=\"column\">\n\t\t\t<div class=\"elementor-widget-wrap elementor-element-populated\">\n\t\t\t\t\t\t<div class=\"elementor-element elementor-element-5626f920 elementor-widget elementor-widget-text-editor\" data-id=\"5626f920\" data-element_type=\"widget\" data-e-type=\"widget\" data-widget_type=\"text-editor.default\">\n\t\t\t\t<div class=\"elementor-widget-container\">\n\t\t\t\t\t\t\t\t\t<p>Auf Grund der aktuellen Situation in Nigeria durch die Co-Vid 19 Krise haben wir gemeinsam mit unserer Partnerorganisation Wordite Humanitarian Initiative das Projekt Co-Vid 19 Emergency Aid umgesetzt.\u00a0<\/p>\t\t\t\t\t\t\t\t<\/div>\n\t\t\t\t<\/div>\n\t\t\t\t\t<\/div>\n\t\t<\/div>\n\t\t\t\t\t<\/div>\n\t\t<\/section>\n\t\t\t\t<section class=\"elementor-section elementor-top-section elementor-element elementor-element-ba3e227 elementor-section-boxed elementor-section-height-default elementor-section-height-default\" data-id=\"ba3e227\" data-element_type=\"section\" data-e-type=\"section\">\n\t\t\t\t\t\t<div class=\"elementor-container elementor-column-gap-default\">\n\t\t\t\t\t<div class=\"elementor-column elementor-col-50 elementor-top-column elementor-element elementor-element-f642e87\" data-id=\"f642e87\" data-element_type=\"column\" data-e-type=\"column\">\n\t\t\t<div class=\"elementor-widget-wrap elementor-element-populated\">\n\t\t\t\t\t\t<div class=\"elementor-element elementor-element-0376ac3 elementor-widget elementor-widget-text-editor\" data-id=\"0376ac3\" data-element_type=\"widget\" data-e-type=\"widget\" data-widget_type=\"text-editor.default\">\n\t\t\t\t<div class=\"elementor-widget-container\">\n\t\t\t\t\t\t\t\t\t<p>Am 14.04.2020 unterst\u00fczte Eurafrican-Alliance Wordite Humanitarian Initiative bei der Umsetzung des Projekts Co-Vid 19 Emergency Aid.<\/p><p>Durch Co-Vid 19 in Nigeria sind die Menschen in finanzieller Not geraten.<\/p>\t\t\t\t\t\t\t\t<\/div>\n\t\t\t\t<\/div>\n\t\t\t\t<div class=\"elementor-element elementor-element-fd7d9a3 elementor-widget elementor-widget-image\" data-id=\"fd7d9a3\" data-element_type=\"widget\" data-e-type=\"widget\" data-widget_type=\"image.default\">\n\t\t\t\t<div class=\"elementor-widget-container\">\n\t\t\t\t\t\t\t\t\t\t\t\t\t\t\t<img fetchpriority=\"high\" decoding=\"async\" width=\"1024\" height=\"682\" src=\"https:\/\/eurafrican-alliance.de\/wp-content\/uploads\/2020\/04\/Fest_Nahrungsmittelverteilung-2-1024x682.jpeg\" class=\"attachment-large size-large wp-image-1064\" alt=\"\" srcset=\"https:\/\/eurafrican-alliance.de\/wp-content\/uploads\/2020\/04\/Fest_Nahrungsmittelverteilung-2-1024x682.jpeg 1024w, https:\/\/eurafrican-alliance.de\/wp-content\/uploads\/2020\/04\/Fest_Nahrungsmittelverteilung-2-300x200.jpeg 300w, https:\/\/eurafrican-alliance.de\/wp-content\/uploads\/2020\/04\/Fest_Nahrungsmittelverteilung-2-768x512.jpeg 768w, https:\/\/eurafrican-alliance.de\/wp-content\/uploads\/2020\/04\/Fest_Nahrungsmittelverteilung-2.jpeg 1280w\" sizes=\"(max-width: 1024px) 100vw, 1024px\" \/>\t\t\t\t\t\t\t\t\t\t\t\t\t\t\t<\/div>\n\t\t\t\t<\/div>\n\t\t\t\t<div class=\"elementor-element elementor-element-78a6def elementor-widget elementor-widget-text-editor\" data-id=\"78a6def\" data-element_type=\"widget\" data-e-type=\"widget\" data-widget_type=\"text-editor.default\">\n\t\t\t\t<div class=\"elementor-widget-container\">\n\t\t\t\t\t\t\t\t\t<p>&#8222;Die Preise f\u00fcr Lebensmittel haben sich verzehnfacht. Vor zwei Wochen hatte ich mit 100 Naira 10 Tomaten gekauft jetzt reicht es nur noch f\u00fcr eine Tomate&#8220;. sagte Kay Eze aus Portharcourt.<\/p>\t\t\t\t\t\t\t\t<\/div>\n\t\t\t\t<\/div>\n\t\t\t\t<div class=\"elementor-element elementor-element-408ceed elementor-widget elementor-widget-image\" data-id=\"408ceed\" data-element_type=\"widget\" data-e-type=\"widget\" data-widget_type=\"image.default\">\n\t\t\t\t<div class=\"elementor-widget-container\">\n\t\t\t\t\t\t\t\t\t\t\t\t\t\t\t<img decoding=\"async\" width=\"1024\" height=\"682\" src=\"https:\/\/eurafrican-alliance.de\/wp-content\/uploads\/2020\/04\/Volunteer_Co-Vod-19-1024x682.jpeg\" class=\"attachment-large size-large wp-image-1072\" alt=\"\" srcset=\"https:\/\/eurafrican-alliance.de\/wp-content\/uploads\/2020\/04\/Volunteer_Co-Vod-19-1024x682.jpeg 1024w, https:\/\/eurafrican-alliance.de\/wp-content\/uploads\/2020\/04\/Volunteer_Co-Vod-19-300x200.jpeg 300w, https:\/\/eurafrican-alliance.de\/wp-content\/uploads\/2020\/04\/Volunteer_Co-Vod-19-768x512.jpeg 768w, https:\/\/eurafrican-alliance.de\/wp-content\/uploads\/2020\/04\/Volunteer_Co-Vod-19.jpeg 1280w\" sizes=\"(max-width: 1024px) 100vw, 1024px\" \/>\t\t\t\t\t\t\t\t\t\t\t\t\t\t\t<\/div>\n\t\t\t\t<\/div>\n\t\t\t\t<div class=\"elementor-element elementor-element-6fae7bd elementor-widget elementor-widget-text-editor\" data-id=\"6fae7bd\" data-element_type=\"widget\" data-e-type=\"widget\" data-widget_type=\"text-editor.default\">\n\t\t\t\t<div class=\"elementor-widget-container\">\n\t\t\t\t\t\t\t\t\t<p>Deshalb hat Frau Cynthia Nweke, Pr\u00e4sidentin unserer Partner Organisation Wordite Humanitarian Initiative in Port Harcourt, um Unterst\u00fctzung gebeten.\u00a0<\/p>\t\t\t\t\t\t\t\t<\/div>\n\t\t\t\t<\/div>\n\t\t\t\t<div class=\"elementor-element elementor-element-d65d178 elementor-widget elementor-widget-image\" data-id=\"d65d178\" data-element_type=\"widget\" data-e-type=\"widget\" data-widget_type=\"image.default\">\n\t\t\t\t<div class=\"elementor-widget-container\">\n\t\t\t\t\t\t\t\t\t\t\t\t\t\t\t<img decoding=\"async\" width=\"1024\" height=\"682\" src=\"https:\/\/eurafrican-alliance.de\/wp-content\/uploads\/2020\/04\/Fest_Nahrungsmittelverteilung-6-1024x682.jpeg\" class=\"attachment-large size-large wp-image-1067\" alt=\"\" srcset=\"https:\/\/eurafrican-alliance.de\/wp-content\/uploads\/2020\/04\/Fest_Nahrungsmittelverteilung-6-1024x682.jpeg 1024w, https:\/\/eurafrican-alliance.de\/wp-content\/uploads\/2020\/04\/Fest_Nahrungsmittelverteilung-6-300x200.jpeg 300w, https:\/\/eurafrican-alliance.de\/wp-content\/uploads\/2020\/04\/Fest_Nahrungsmittelverteilung-6-768x512.jpeg 768w, https:\/\/eurafrican-alliance.de\/wp-content\/uploads\/2020\/04\/Fest_Nahrungsmittelverteilung-6.jpeg 1280w\" sizes=\"(max-width: 1024px) 100vw, 1024px\" \/>\t\t\t\t\t\t\t\t\t\t\t\t\t\t\t<\/div>\n\t\t\t\t<\/div>\n\t\t\t\t<div class=\"elementor-element elementor-element-4b06b40 elementor-widget elementor-widget-text-editor\" data-id=\"4b06b40\" data-element_type=\"widget\" data-e-type=\"widget\" data-widget_type=\"text-editor.default\">\n\t\t\t\t<div class=\"elementor-widget-container\">\n\t\t\t\t\t\t\t\t\t<p>Mit der Hilfe der Eurafrican-Alliance wurden \u00fcber 240 Menschen mit Grundnahrungsmitteln\u00a0 wie Reis und Tomaten versorgt.<br \/>Nur zwei Tage nach Erhalt der Spende hat Wordite das Projekt umgesetzt und den Verwendungsnachweis zugeschickt. Die schnelle Ausf\u00fchrung war beeindruckend.<\/p>\t\t\t\t\t\t\t\t<\/div>\n\t\t\t\t<\/div>\n\t\t\t\t\t<\/div>\n\t\t<\/div>\n\t\t\t\t<div class=\"elementor-column elementor-col-50 elementor-top-column elementor-element elementor-element-ebdcdf4\" data-id=\"ebdcdf4\" data-element_type=\"column\" data-e-type=\"column\">\n\t\t\t<div class=\"elementor-widget-wrap elementor-element-populated\">\n\t\t\t\t\t\t<div class=\"elementor-element elementor-element-70ed6d9 elementor-widget elementor-widget-image\" data-id=\"70ed6d9\" data-element_type=\"widget\" data-e-type=\"widget\" data-widget_type=\"image.default\">\n\t\t\t\t<div class=\"elementor-widget-container\">\n\t\t\t\t\t\t\t\t\t\t\t\t\t\t\t<img loading=\"lazy\" decoding=\"async\" width=\"1024\" height=\"682\" src=\"https:\/\/eurafrican-alliance.de\/wp-content\/uploads\/2020\/04\/Volunteere_Co-Vid-19-1024x682.jpeg\" class=\"attachment-large size-large wp-image-1063\" alt=\"\" srcset=\"https:\/\/eurafrican-alliance.de\/wp-content\/uploads\/2020\/04\/Volunteere_Co-Vid-19-1024x682.jpeg 1024w, https:\/\/eurafrican-alliance.de\/wp-content\/uploads\/2020\/04\/Volunteere_Co-Vid-19-300x200.jpeg 300w, https:\/\/eurafrican-alliance.de\/wp-content\/uploads\/2020\/04\/Volunteere_Co-Vid-19-768x512.jpeg 768w, https:\/\/eurafrican-alliance.de\/wp-content\/uploads\/2020\/04\/Volunteere_Co-Vid-19.jpeg 1280w\" sizes=\"(max-width: 1024px) 100vw, 1024px\" \/>\t\t\t\t\t\t\t\t\t\t\t\t\t\t\t<\/div>\n\t\t\t\t<\/div>\n\t\t\t\t<div class=\"elementor-element elementor-element-30ac84d elementor-widget elementor-widget-text-editor\" data-id=\"30ac84d\" data-element_type=\"widget\" data-e-type=\"widget\" data-widget_type=\"text-editor.default\">\n\t\t\t\t<div class=\"elementor-widget-container\">\n\t\t\t\t\t\t\t\t\t<p>\u201eEs ist wichtig in Krisensituationen zusammen zu halten,\u201c betont Emeka Ojukwu, Vorsitzender der Eurafrican-Alliance.<\/p>\t\t\t\t\t\t\t\t<\/div>\n\t\t\t\t<\/div>\n\t\t\t\t<div class=\"elementor-element elementor-element-b8a82ae elementor-widget elementor-widget-video\" data-id=\"b8a82ae\" data-element_type=\"widget\" data-e-type=\"widget\" data-settings=\"{&quot;youtube_url&quot;:&quot;https:\\\/\\\/youtu.be\\\/LenZLLWZvnQ&quot;,&quot;video_type&quot;:&quot;youtube&quot;,&quot;controls&quot;:&quot;yes&quot;}\" data-widget_type=\"video.default\">\n\t\t\t\t<div class=\"elementor-widget-container\">\n\t\t\t\t\t\t\t<div class=\"elementor-wrapper elementor-open-inline\">\n\t\t\t<div class=\"elementor-video\"><\/div>\t\t<\/div>\n\t\t\t\t\t\t<\/div>\n\t\t\t\t<\/div>\n\t\t\t\t<div class=\"elementor-element elementor-element-762a9fe elementor-widget elementor-widget-text-editor\" data-id=\"762a9fe\" data-element_type=\"widget\" data-e-type=\"widget\" data-widget_type=\"text-editor.default\">\n\t\t\t\t<div class=\"elementor-widget-container\">\n\t\t\t\t\t\t\t\t\t<p>\u201e240 Personen sind heute mit ein Sack Reis (8kg) und 4 Dosen Tomatenmark nach Hause gegangen,\u201c sagte Community Leader, His Majesty, King Dr. Bernard Fimie Koko.<\/p>\t\t\t\t\t\t\t\t<\/div>\n\t\t\t\t<\/div>\n\t\t\t\t<div class=\"elementor-element elementor-element-a70032e elementor-widget elementor-widget-image\" data-id=\"a70032e\" data-element_type=\"widget\" data-e-type=\"widget\" data-widget_type=\"image.default\">\n\t\t\t\t<div class=\"elementor-widget-container\">\n\t\t\t\t\t\t\t\t\t\t\t\t\t\t\t<img loading=\"lazy\" decoding=\"async\" width=\"709\" height=\"760\" src=\"https:\/\/eurafrican-alliance.de\/wp-content\/uploads\/2020\/04\/Grundnahrung1.jpeg\" class=\"attachment-large size-large wp-image-1197\" alt=\"\" srcset=\"https:\/\/eurafrican-alliance.de\/wp-content\/uploads\/2020\/04\/Grundnahrung1.jpeg 709w, https:\/\/eurafrican-alliance.de\/wp-content\/uploads\/2020\/04\/Grundnahrung1-280x300.jpeg 280w\" sizes=\"(max-width: 709px) 100vw, 709px\" \/>\t\t\t\t\t\t\t\t\t\t\t\t\t\t\t<\/div>\n\t\t\t\t<\/div>\n\t\t\t\t<div class=\"elementor-element elementor-element-c954d53 elementor-widget elementor-widget-text-editor\" data-id=\"c954d53\" data-element_type=\"widget\" data-e-type=\"widget\" data-widget_type=\"text-editor.default\">\n\t\t\t\t<div class=\"elementor-widget-container\">\n\t\t\t\t\t\t\t\t\t<p>Ohne die Hilfe der Volont\u00e4re h\u00e4tte das Projekt nicht umgesetzt werden k\u00f6nnen.<\/p>\t\t\t\t\t\t\t\t<\/div>\n\t\t\t\t<\/div>\n\t\t\t\t<div class=\"elementor-element elementor-element-35117cf elementor-widget elementor-widget-image\" data-id=\"35117cf\" data-element_type=\"widget\" data-e-type=\"widget\" data-widget_type=\"image.default\">\n\t\t\t\t<div class=\"elementor-widget-container\">\n\t\t\t\t\t\t\t\t\t\t\t\t\t\t\t<img loading=\"lazy\" decoding=\"async\" width=\"1024\" height=\"682\" src=\"https:\/\/eurafrican-alliance.de\/wp-content\/uploads\/2020\/04\/Fest_Nahrungsmittelverteilung-3-1024x682.jpeg\" class=\"attachment-large size-large wp-image-1068\" alt=\"\" srcset=\"https:\/\/eurafrican-alliance.de\/wp-content\/uploads\/2020\/04\/Fest_Nahrungsmittelverteilung-3-1024x682.jpeg 1024w, https:\/\/eurafrican-alliance.de\/wp-content\/uploads\/2020\/04\/Fest_Nahrungsmittelverteilung-3-300x200.jpeg 300w, https:\/\/eurafrican-alliance.de\/wp-content\/uploads\/2020\/04\/Fest_Nahrungsmittelverteilung-3-768x512.jpeg 768w, https:\/\/eurafrican-alliance.de\/wp-content\/uploads\/2020\/04\/Fest_Nahrungsmittelverteilung-3.jpeg 1280w\" sizes=\"(max-width: 1024px) 100vw, 1024px\" \/>\t\t\t\t\t\t\t\t\t\t\t\t\t\t\t<\/div>\n\t\t\t\t<\/div>\n\t\t\t\t\t<\/div>\n\t\t<\/div>\n\t\t\t\t\t<\/div>\n\t\t<\/section>\n\t\t\t\t<\/div>\n\t\t","protected":false},"excerpt":{"rendered":"<p>Co-Vid 19 Emergency Aid Auf Grund der aktuellen Situation in Nigeria durch die Co-Vid 19 Krise haben wir gemeinsam mit unserer Partnerorganisation Wordite Humanitarian Initiative das Projekt Co-Vid 19 Emergency Aid umgesetzt.\u00a0 Am 14.04.2020 unterst\u00fczte Eurafrican-Alliance Wordite Humanitarian Initiative bei der Umsetzung des Projekts Co-Vid 19 Emergency Aid. Durch Co-Vid 19 in Nigeria sind die [&hellip;]<\/p>\n","protected":false},"author":1,"featured_media":0,"parent":0,"menu_order":0,"comment_status":"closed","ping_status":"closed","template":"","meta":{"_monsterinsights_skip_tracking":false,"_monsterinsights_sitenote_active":false,"_monsterinsights_sitenote_note":"","_monsterinsights_sitenote_category":0,"site-sidebar-layout":"default","site-content-layout":"default","ast-site-content-layout":"default","site-content-style":"default","site-sidebar-style":"default","ast-global-header-display":"","ast-banner-title-visibility":"","ast-main-header-display":"","ast-hfb-above-header-display":"","ast-hfb-below-header-display":"","ast-hfb-mobile-header-display":"","site-post-title":"disabled","ast-breadcrumbs-content":"","ast-featured-img":"","footer-sml-layout":"","ast-disable-related-posts":"","theme-transparent-header-meta":"default","adv-header-id-meta":"","stick-header-meta":"","header-above-stick-meta":"","header-main-stick-meta":"","header-below-stick-meta":"","astra-migrate-meta-layouts":"default","ast-page-background-enabled":"default","ast-page-background-meta":{"desktop":{"background-color":"","background-image":"","background-repeat":"repeat","background-position":"center center","background-size":"auto","background-attachment":"scroll","background-type":"","background-media":"","overlay-type":"","overlay-color":"","overlay-opacity":"","overlay-gradient":""},"tablet":{"background-color":"","background-image":"","background-repeat":"repeat","background-position":"center center","background-size":"auto","background-attachment":"scroll","background-type":"","background-media":"","overlay-type":"","overlay-color":"","overlay-opacity":"","overlay-gradient":""},"mobile":{"background-color":"","background-image":"","background-repeat":"repeat","background-position":"center center","background-size":"auto","background-attachment":"scroll","background-type":"","background-media":"","overlay-type":"","overlay-color":"","overlay-opacity":"","overlay-gradient":""}},"ast-content-background-meta":{"desktop":{"background-color":"var(--ast-global-color-5)","background-image":"","background-repeat":"repeat","background-position":"center center","background-size":"auto","background-attachment":"scroll","background-type":"","background-media":"","overlay-type":"","overlay-color":"","overlay-opacity":"","overlay-gradient":""},"tablet":{"background-color":"var(--ast-global-color-5)","background-image":"","background-repeat":"repeat","background-position":"center center","background-size":"auto","background-attachment":"scroll","background-type":"","background-media":"","overlay-type":"","overlay-color":"","overlay-opacity":"","overlay-gradient":""},"mobile":{"background-color":"var(--ast-global-color-5)","background-image":"","background-repeat":"repeat","background-position":"center center","background-size":"auto","background-attachment":"scroll","background-type":"","background-media":"","overlay-type":"","overlay-color":"","overlay-opacity":"","overlay-gradient":""}},"footnotes":""},"class_list":["post-1052","page","type-page","status-publish","hentry"],"_links":{"self":[{"href":"https:\/\/eurafrican-alliance.de\/de_de\/wp-json\/wp\/v2\/pages\/1052","targetHints":{"allow":["GET"]}}],"collection":[{"href":"https:\/\/eurafrican-alliance.de\/de_de\/wp-json\/wp\/v2\/pages"}],"about":[{"href":"https:\/\/eurafrican-alliance.de\/de_de\/wp-json\/wp\/v2\/types\/page"}],"author":[{"embeddable":true,"href":"https:\/\/eurafrican-alliance.de\/de_de\/wp-json\/wp\/v2\/users\/1"}],"replies":[{"embeddable":true,"href":"https:\/\/eurafrican-alliance.de\/de_de\/wp-json\/wp\/v2\/comments?post=1052"}],"version-history":[{"count":0,"href":"https:\/\/eurafrican-alliance.de\/de_de\/wp-json\/wp\/v2\/pages\/1052\/revisions"}],"wp:attachment":[{"href":"https:\/\/eurafrican-alliance.de\/de_de\/wp-json\/wp\/v2\/media?parent=1052"}],"curies":[{"name":"wp","href":"https:\/\/api.w.org\/{rel}","templated":true}]}}