{"id":10042,"date":"2023-05-25T10:09:37","date_gmt":"2023-05-25T08:09:37","guid":{"rendered":"https:\/\/eurafrican-alliance.de\/?page_id=10042"},"modified":"2025-10-25T12:34:38","modified_gmt":"2025-10-25T10:34:38","slug":"sispende","status":"publish","type":"page","link":"https:\/\/eurafrican-alliance.de\/de_de\/sispende","title":{"rendered":"SI Spende"},"content":{"rendered":"\t\t<div data-elementor-type=\"wp-page\" data-elementor-id=\"10042\" class=\"elementor elementor-10042\">\n\t\t\t\t\t\t<section class=\"elementor-section elementor-top-section elementor-element elementor-element-4d195895 elementor-section-boxed elementor-section-height-default elementor-section-height-default\" data-id=\"4d195895\" data-element_type=\"section\" data-e-type=\"section\">\n\t\t\t\t\t\t<div class=\"elementor-container elementor-column-gap-default\">\n\t\t\t\t\t<div class=\"elementor-column elementor-col-100 elementor-top-column elementor-element elementor-element-31b8915f\" data-id=\"31b8915f\" data-element_type=\"column\" data-e-type=\"column\" data-settings=\"{&quot;background_background&quot;:&quot;classic&quot;}\">\n\t\t\t<div class=\"elementor-widget-wrap elementor-element-populated\">\n\t\t\t\t\t\t<div class=\"elementor-element elementor-element-7c9542a1 elementor-widget elementor-widget-spacer\" data-id=\"7c9542a1\" data-element_type=\"widget\" data-e-type=\"widget\" data-widget_type=\"spacer.default\">\n\t\t\t\t<div class=\"elementor-widget-container\">\n\t\t\t\t\t\t\t<div class=\"elementor-spacer\">\n\t\t\t<div class=\"elementor-spacer-inner\"><\/div>\n\t\t<\/div>\n\t\t\t\t\t\t<\/div>\n\t\t\t\t<\/div>\n\t\t\t\t<div class=\"elementor-element elementor-element-24edeaf0 elementor-widget elementor-widget-shortcode\" data-id=\"24edeaf0\" data-element_type=\"widget\" data-e-type=\"widget\" data-widget_type=\"shortcode.default\">\n\t\t\t\t<div class=\"elementor-widget-container\">\n\t\t\t\t\t\t\t<div class=\"elementor-shortcode\">\n\t<div class=\"charitable-campaign-wrap template-youth-sports charitable-campaign-wrap-id-10581\">\n\n\t\t<div class=\"charitable-campaign-container\">\n\n\t\t\n\t\t\t\t\t<!-- row START -->\n\t\t\t\t\t<div id=\"charitable-template-row-0\" data-row-id=\"0\" data-row-type=\"row\" class=\"charitable-campaign-row charitable-campaign-row-type-row no-css\">\n\n\t\t\t\t\t<!-- column START --><div data-column-id=\"0\" class=\"charitable-campaign-column charitable-campaign-column-0\"><!-- section START --><div data-section-id=\"0\" data-section-type=\"fields\" class=\"section charitable-field-section\"><div class=\"charitable-campaign-field charitable-campaign-field-photo charitable-campaign-field-container charitable-campaign-align-center charitable-campaign-columns-1\"><div class=\"charitable-campaign-field-inner\" style=\"width: 100%\">\n\t\t\t\t<div class=\"charitable-campaign-primary-image\">\n\t\t\t\t\t<img decoding=\"async\" src=\"https:\/\/eurafrican-alliance.de\/wp-content\/uploads\/2023\/06\/Sewing_480x480green.png\" alt=\"\" \/>\n\t\t\t\t<\/div>\n\n\n\t\t\t\t<\/div><\/div><\/div><!-- section END -->\n\t\t\t\t\t\t\t\t<\/div>\n\n\t\t\t\t\t\t\t<!-- column END --><!-- column START --><div data-column-id=\"1\" class=\"charitable-campaign-column charitable-campaign-column-1\"><!-- section START --><div data-section-id=\"0\" data-section-type=\"fields\" class=\"section charitable-field-section\"><div class=\"charitable-campaign-field charitable-campaign-field-donate-amount charitable-campaign-field-container charitable-campaign-align-center charitable-campaign-columns-1\"><div class=\"charitable-campaign-field-inner\" style=\"width: 100%\"><h5 class=\"charitable-field-template-headline\">Ja, ich will das N\u00e4hprojekt unterst\u00fctzen.<\/h5>\n                <div class=\"charitable-template-donation-options\">\n                <ul class=\"charitable-template-donation-amounts\">\t\t\t\t\t<li class=\"charitable-template-donation-amount suggested-donation-amount \">\n\t\t\t\t\t\t<label>\n\t\t\t\t\t\t\t<input type=\"radio\" name=\"donation_amount\" value=\"5\" >\n\t\t\t\t\t\t\t<span class=\"amount\">&euro;5.00<\/span> \t\t\t\t\t\t<\/label>\n\t\t\t\t\t<\/li>\n\t\t\t\t\t\t\t\t\t\t\t<li class=\"charitable-template-donation-amount suggested-donation-amount \">\n\t\t\t\t\t\t<label>\n\t\t\t\t\t\t\t<input type=\"radio\" name=\"donation_amount\" value=\"10\" >\n\t\t\t\t\t\t\t<span class=\"amount\">&euro;10.00<\/span> \t\t\t\t\t\t<\/label>\n\t\t\t\t\t<\/li>\n\t\t\t\t\t\t\t\t\t\t\t<li class=\"charitable-template-donation-amount suggested-donation-amount selected\">\n\t\t\t\t\t\t<label>\n\t\t\t\t\t\t\t<input type=\"radio\" name=\"donation_amount\" value=\"15\" checked=&quot;true&quot;>\n\t\t\t\t\t\t\t<span class=\"amount\">&euro;15.00<\/span> \t\t\t\t\t\t<\/label>\n\t\t\t\t\t<\/li>\n\t\t\t\t\t\t\t\t\t\t\t<li class=\"charitable-template-donation-amount suggested-donation-amount \">\n\t\t\t\t\t\t<label>\n\t\t\t\t\t\t\t<input type=\"radio\" name=\"donation_amount\" value=\"20\" >\n\t\t\t\t\t\t\t<span class=\"amount\">&euro;20.00<\/span> \t\t\t\t\t\t<\/label>\n\t\t\t\t\t<\/li>\n\t\t\t\t\t\t\n\t\t\t\t\n\t\t\t\t<li class=\"charitable-template-donation-amount custom-donation-amount \"> \t\t\t\t\t<span class=\"custom-donation-amount-wrapper\">\n\t\t\t\t\t<label>\n\t\t\t\t\t<input type=\"radio\" name=\"donation_amount\" value=\"custom\"><span class=\"description\">Individueller Betrag<\/span>\n\t\t\t\t\t<\/label>\n\t\t\t\t\t<input type=\"text\"  class=\"custom-donation-input\" name=\"custom_donation_amount\" placeholder=\"Individuell angepasste Spendenbetr\u00e4ge\" value=\"\">\n\t\t\t\t\t<\/span>\n\t\t\t\t<\/li>\n\n\t\t\t\t\n            <\/ul>\n            <\/div><\/div><\/div><div class=\"charitable-campaign-field charitable-campaign-field-donate-button charitable-campaign-field-container charitable-campaign-align-center charitable-campaign-columns-1\"><div class=\"charitable-campaign-field-inner\" style=\"width: 100%\">\n\t\t\t<div >\n\n\t\t\t\n\t\t\t\t<div class=\"campaign-donation\">\n\t\t\t\t\t<a data-trigger-modal=\"charitable-donation-form-modal-10581\"\n\t\t\t\t\t\tdata-campaign-id=\"10581\"\n\t\t\t\t\t\tclass=\"button charitable-button donate-button button-primary\"\n\t\t\t\t\t\thref=\"https:\/\/eurafrican-alliance.de\/de_de\/campaigns\/sewing-initiative\/donate\/\"\n\t\t\t\t\t\t\t\t\t\taria-label=\"Spende f\u00fcr Sewing Initiative\">\n\t\t\t\t\tjetzt spenden\t\t\t\t<\/a>\n\t\t\t\t<\/div>\n\n\n\t\t\t\t\n\t\t\t<\/div>\n\n\n\n\t\t\t<\/div><\/div><\/div><!-- section END -->\n\t\t\t\t\t\t\t\t<\/div>\n\n\t\t\t\t\t\t\t<!-- column END -->\n\t\t\t\t\t<\/div>\n\n\t\t\t\t\t<!-- row END -->\n\t\t\t\t\n\t\t\t\t\t<!-- row START -->\n\t\t\t\t\t<div id=\"charitable-template-row-1\" data-row-id=\"1\" data-row-type=\"row\" class=\"charitable-campaign-row charitable-campaign-row-type-row no-padding no-field-target no-field-wrap\">\n\n\t\t\t\t\t<!-- column START --><div data-column-id=\"2\" class=\"charitable-campaign-column charitable-campaign-column-2\"><!-- section START --><div data-section-id=\"0\" data-section-type=\"tabs\" class=\"section charitable-field-section\">\n\t\t\t\t\t\t\t\t<\/div>\n\n\t\t\t\t\t\t\t<!-- column END -->\n\t\t\t\t\t<\/div>\n\n\t\t\t\t\t<!-- row END -->\n\t\t\t\t\n\t\t\t<\/div>\n\t\t<\/div>\n\n\t<\/div>\n\t\t\t\t\t\t<\/div>\n\t\t\t\t<\/div>\n\t\t\t\t<div class=\"elementor-element elementor-element-57423fff elementor-widget elementor-widget-text-editor\" data-id=\"57423fff\" data-element_type=\"widget\" data-e-type=\"widget\" data-widget_type=\"text-editor.default\">\n\t\t\t\t<div class=\"elementor-widget-container\">\n\t\t\t\t\t\t\t\t\t<p style=\"text-align: center;\"><span style=\"color: #ffffff;\">Ihre Spende ist nach \u00a7 10 EStG steuerbeg\u00fcnstigt.<br \/><\/span>Vielen Dank f\u00fcr Ihre Gro\u00dfz\u00fcgigkeit!<\/p>\t\t\t\t\t\t\t\t<\/div>\n\t\t\t\t<\/div>\n\t\t\t\t\t<\/div>\n\t\t<\/div>\n\t\t\t\t\t<\/div>\n\t\t<\/section>\n\t\t\t\t<\/div>\n\t\t","protected":false},"excerpt":{"rendered":"<p>Ihre Spende ist nach \u00a7 10 EStG steuerbeg\u00fcnstigt.Vielen Dank f\u00fcr Ihre Gro\u00dfz\u00fcgigkeit! [give_form id=&#8220;9714&#8243;] Ihre Spende ist nach \u00a7 10 EStG steuerbeg\u00fcnstigt.Vielen Dank f\u00fcr Ihre Gro\u00dfz\u00fcgigkeit!<\/p>\n","protected":false},"author":1,"featured_media":0,"parent":0,"menu_order":0,"comment_status":"closed","ping_status":"closed","template":"","meta":{"_monsterinsights_skip_tracking":false,"_monsterinsights_sitenote_active":false,"_monsterinsights_sitenote_note":"","_monsterinsights_sitenote_category":0,"site-sidebar-layout":"no-sidebar","site-content-layout":"page-builder","ast-site-content-layout":"default","site-content-style":"default","site-sidebar-style":"default","ast-global-header-display":"","ast-banner-title-visibility":"","ast-main-header-display":"","ast-hfb-above-header-display":"","ast-hfb-below-header-display":"","ast-hfb-mobile-header-display":"","site-post-title":"disabled","ast-breadcrumbs-content":"","ast-featured-img":"disabled","footer-sml-layout":"","ast-disable-related-posts":"","theme-transparent-header-meta":"","adv-header-id-meta":"","stick-header-meta":"","header-above-stick-meta":"","header-main-stick-meta":"","header-below-stick-meta":"","astra-migrate-meta-layouts":"default","ast-page-background-enabled":"default","ast-page-background-meta":{"desktop":{"background-color":"","background-image":"","background-repeat":"repeat","background-position":"center center","background-size":"auto","background-attachment":"scroll","background-type":"","background-media":"","overlay-type":"","overlay-color":"","overlay-opacity":"","overlay-gradient":""},"tablet":{"background-color":"","background-image":"","background-repeat":"repeat","background-position":"center center","background-size":"auto","background-attachment":"scroll","background-type":"","background-media":"","overlay-type":"","overlay-color":"","overlay-opacity":"","overlay-gradient":""},"mobile":{"background-color":"","background-image":"","background-repeat":"repeat","background-position":"center center","background-size":"auto","background-attachment":"scroll","background-type":"","background-media":"","overlay-type":"","overlay-color":"","overlay-opacity":"","overlay-gradient":""}},"ast-content-background-meta":{"desktop":{"background-color":"var(--ast-global-color-5)","background-image":"","background-repeat":"repeat","background-position":"center center","background-size":"auto","background-attachment":"scroll","background-type":"","background-media":"","overlay-type":"","overlay-color":"","overlay-opacity":"","overlay-gradient":""},"tablet":{"background-color":"var(--ast-global-color-5)","background-image":"","background-repeat":"repeat","background-position":"center center","background-size":"auto","background-attachment":"scroll","background-type":"","background-media":"","overlay-type":"","overlay-color":"","overlay-opacity":"","overlay-gradient":""},"mobile":{"background-color":"var(--ast-global-color-5)","background-image":"","background-repeat":"repeat","background-position":"center center","background-size":"auto","background-attachment":"scroll","background-type":"","background-media":"","overlay-type":"","overlay-color":"","overlay-opacity":"","overlay-gradient":""}},"footnotes":""},"class_list":["post-10042","page","type-page","status-publish","hentry"],"_links":{"self":[{"href":"https:\/\/eurafrican-alliance.de\/de_de\/wp-json\/wp\/v2\/pages\/10042","targetHints":{"allow":["GET"]}}],"collection":[{"href":"https:\/\/eurafrican-alliance.de\/de_de\/wp-json\/wp\/v2\/pages"}],"about":[{"href":"https:\/\/eurafrican-alliance.de\/de_de\/wp-json\/wp\/v2\/types\/page"}],"author":[{"embeddable":true,"href":"https:\/\/eurafrican-alliance.de\/de_de\/wp-json\/wp\/v2\/users\/1"}],"replies":[{"embeddable":true,"href":"https:\/\/eurafrican-alliance.de\/de_de\/wp-json\/wp\/v2\/comments?post=10042"}],"version-history":[{"count":10,"href":"https:\/\/eurafrican-alliance.de\/de_de\/wp-json\/wp\/v2\/pages\/10042\/revisions"}],"predecessor-version":[{"id":10584,"href":"https:\/\/eurafrican-alliance.de\/de_de\/wp-json\/wp\/v2\/pages\/10042\/revisions\/10584"}],"wp:attachment":[{"href":"https:\/\/eurafrican-alliance.de\/de_de\/wp-json\/wp\/v2\/media?parent=10042"}],"curies":[{"name":"wp","href":"https:\/\/api.w.org\/{rel}","templated":true}]}}